{"id":60,"date":"2015-05-07T09:01:24","date_gmt":"2015-05-07T09:01:24","guid":{"rendered":"http:\/\/m-s-b.dk\/?page_id=60"},"modified":"2020-11-27T10:01:08","modified_gmt":"2020-11-27T10:01:08","slug":"services-maskin","status":"publish","type":"page","link":"https:\/\/www.kutterservice.dk\/index.php\/services-maskin\/","title":{"rendered":"Services i Maskinafd."},"content":{"rendered":"<p>[et_pb_section fullwidth=&#8221;off&#8221; specialty=&#8221;off&#8221;][et_pb_row][et_pb_column type=&#8221;2_3&#8243;][et_pb_text admin_label=&#8221;Text&#8221; background_layout=&#8221;light&#8221; text_orientation=&#8221;left&#8221;]<\/p>\n<h1 style=\"font-size: 22pt; letter-spacing: 2px; line-height: 110%;\"><b>HOS \u00d8STBORNHOLMS KUTTERSERVICE PRIORITERER VI SERVICERINGEN AF VORES KUNDER MEGET H\u00d8JT<\/b><\/h1>\n<h3 class=\"no-line\" style=\"margin-top: 23px; letter-spacing: 1px; line-height: 120%;\">Derfor vil vi altid v\u00e6re behj\u00e6lpelige p\u00e5 alle t\u00e6nkelige m\u00e5der. B\u00e5de inden for vores prim\u00e6re fagomr\u00e5der, men ogs\u00e5 gerne ved at udvide vores kompetencer inden for omr\u00e5der hvor vi ikke tidligere har v\u00e6ret.<br \/>\nHer p\u00e5 siden kan du l\u00e6se om de mange services som vi tilbyder, for at give vores kunder den bedst mulige service.<\/h3>\n<p>[\/et_pb_text][et_pb_text admin_label=&#8221;Text&#8221; background_layout=&#8221;light&#8221; text_orientation=&#8221;left&#8221;]<\/p>\n<h3 class=\"no-line\" style=\"margin-top: 23px; letter-spacing: 1px; line-height: 120%;\">Vi har ogs\u00e5 stor erfaring med opgaver som kr\u00e6ver bearbejdning i b\u00e5de Maskinafdelingen og <a href=\"\/index.php\/smede-afd\/\"><b><span style=\"color: #ff4444;\">Smedeafdelingen.<\/span><\/b><\/a><\/h3>\n<p>[\/et_pb_text][\/et_pb_column][et_pb_column type=&#8221;1_3&#8243;][et_pb_cta admin_label=&#8221;Call To Action&#8221; button_url=&#8221;\/index.php\/kontakt\/&#8221; button_text=&#8221;Kontakt os&#8221; use_background_color=&#8221;off&#8221; background_color=&#8221;#40b773&#8243; background_layout=&#8221;light&#8221; text_orientation=&#8221;left&#8221;]<\/p>\n<div class=\"right-contact-info\" style=\"border-left: 1px solid #e8e8e8; padding-left: 20px;\">\n<h3>Kontakt os uforpligtende<\/h3>\n<p>&nbsp;<\/p>\n<h3>Du kan altid ringe til os p\u00e5<br \/>\n+45 5649 6582<\/h3>\n<p>&nbsp;<\/p>\n<h3>Du kan ogs\u00e5 skrive til os p\u00e5<br \/>\n<a href=\"mailto:info@oebks.dk\">info@oebks.dk<\/a><\/h3>\n<\/div>\n<p>[\/et_pb_cta][\/et_pb_column][\/et_pb_row][\/et_pb_section][et_pb_section fullwidth=&#8221;off&#8221; specialty=&#8221;off&#8221;][et_pb_row][et_pb_column type=&#8221;4_4&#8243;][et_pb_image admin_label=&#8221;Image&#8221; src=&#8221;http:\/\/www.kutterservice.dk\/wp-content\/uploads\/2015\/05\/Kutterservice_1.jpg&#8221; show_in_lightbox=&#8221;off&#8221; url_new_window=&#8221;off&#8221; animation=&#8221;left&#8221; sticky=&#8221;off&#8221; \/][\/et_pb_column][\/et_pb_row][\/et_pb_section][et_pb_section fullwidth=&#8221;off&#8221; specialty=&#8221;off&#8221; transparent_background=&#8221;off&#8221; background_color=&#8221;#ff4444&#8243; allow_player_pause=&#8221;off&#8221; inner_shadow=&#8221;off&#8221; parallax=&#8221;off&#8221; parallax_method=&#8221;off&#8221;][et_pb_row][et_pb_column type=&#8221;1_2&#8243;][et_pb_blurb admin_label=&#8221;Blurb&#8221; url_new_window=&#8221;off&#8221; use_icon=&#8221;on&#8221; font_icon=&#8221;\ue092&#8221; icon_color=&#8221;#ffffff&#8221; use_circle=&#8221;off&#8221; circle_color=&#8221;#40b773&#8243; use_circle_border=&#8221;off&#8221; circle_border_color=&#8221;#40b773&#8243; icon_placement=&#8221;top&#8221; animation=&#8221;off&#8221; background_layout=&#8221;light&#8221; text_orientation=&#8221;left&#8221; \/][et_pb_text admin_label=&#8221;Text&#8221; background_layout=&#8221;dark&#8221; text_orientation=&#8221;center&#8221; module_class=&#8221;text-on-red&#8221;]<\/p>\n<h3 class=\"hvid center\"><b>3D-FILER<\/b><\/h3>\n<p><b>\u00d8nsker du produktion ud fra dine 3D-modeller, kan du sende dem til os. Vi har programmerne det kr\u00e6ver at se de p\u00e5g\u00e6ldende filer, og kan derfra bruge filerne til indstilling af vores produktionsudstyr.<\/b>[\/et_pb_text][\/et_pb_column][et_pb_column type=&#8221;1_2&#8243;][et_pb_blurb admin_label=&#8221;Blurb&#8221; url_new_window=&#8221;off&#8221; use_icon=&#8221;on&#8221; font_icon=&#8221;\ue059&#8221; icon_color=&#8221;#ffffff&#8221; use_circle=&#8221;off&#8221; circle_color=&#8221;#40b773&#8243; use_circle_border=&#8221;off&#8221; circle_border_color=&#8221;#40b773&#8243; icon_placement=&#8221;top&#8221; animation=&#8221;off&#8221; background_layout=&#8221;light&#8221; text_orientation=&#8221;left&#8221; \/][et_pb_text admin_label=&#8221;Text&#8221; background_layout=&#8221;dark&#8221; text_orientation=&#8221;center&#8221; module_class=&#8221;text-on-red&#8221;]<\/p>\n<h3 class=\"hvid center\"><b>VIDERE BEARBEJDNING<\/b><\/h3>\n<p><b>Hvis de fremstillede emner skal sendes videre til efterbehandling hos en anden virksomhed, tilbyder vi at administrere afsendingen. Det betyder at du som kunde ikke skal bruge tid p\u00e5 at sende emnerne rundt mellem flere virksomheder, men blot vente p\u00e5 at de f\u00e6rdige emner bliver leveret til jer.<\/b>[\/et_pb_text][\/et_pb_column][\/et_pb_row][et_pb_row][et_pb_column type=&#8221;4_4&#8243;][et_pb_divider admin_label=&#8221;Divider&#8221; color=&#8221;#ff4444&#8243; show_divider=&#8221;on&#8221; \/][\/et_pb_column][\/et_pb_row][et_pb_row][et_pb_column type=&#8221;1_2&#8243;][et_pb_blurb admin_label=&#8221;Blurb&#8221; url_new_window=&#8221;off&#8221; use_icon=&#8221;on&#8221; font_icon=&#8221;P&#8221; icon_color=&#8221;#ffffff&#8221; use_circle=&#8221;off&#8221; circle_color=&#8221;#40b773&#8243; use_circle_border=&#8221;off&#8221; circle_border_color=&#8221;#40b773&#8243; icon_placement=&#8221;top&#8221; animation=&#8221;off&#8221; background_layout=&#8221;light&#8221; text_orientation=&#8221;left&#8221; \/][et_pb_text admin_label=&#8221;Text&#8221; background_layout=&#8221;dark&#8221; text_orientation=&#8221;center&#8221; module_class=&#8221;text-on-red&#8221;]<\/p>\n<h3 class=\"hvid center\"><b>UDVIDELSE<\/b><\/h3>\n<p><b>Vi udvider gerne vores produktion s\u00e5 vi kan tilbyde den bearbejdnings\/behandlings-type, som er n\u00f8dvendig for at give netop dit produkt den helt rigtige kvalitet og finish. Kontakt os hvis din opgave kr\u00e6ver en helt speciel sammens\u00e6tning af arbejdsprocesser, s\u00e5 kan vi sammen tilrettel\u00e6gge en produktionsplan.<\/b>[\/et_pb_text][\/et_pb_column][et_pb_column type=&#8221;1_2&#8243;][et_pb_blurb admin_label=&#8221;Blurb&#8221; url_new_window=&#8221;off&#8221; use_icon=&#8221;on&#8221; font_icon=&#8221;\ue08b&#8221; icon_color=&#8221;#ffffff&#8221; use_circle=&#8221;off&#8221; circle_color=&#8221;#40b773&#8243; use_circle_border=&#8221;off&#8221; circle_border_color=&#8221;#40b773&#8243; icon_placement=&#8221;top&#8221; animation=&#8221;off&#8221; background_layout=&#8221;light&#8221; text_orientation=&#8221;left&#8221; \/][et_pb_text admin_label=&#8221;Text&#8221; background_layout=&#8221;dark&#8221; text_orientation=&#8221;center&#8221; module_class=&#8221;text-on-red&#8221;]<\/p>\n<h3 class=\"hvid center\"><b>PERSONLIG KONTAKT<\/b><\/h3>\n<p><b>Vores kunder er meget vigtige for os og derfor \u00f8nsker vi naturligvis at have en l\u00f8bende dialog, for at sikre at alt er som det skal v\u00e6re. Vi er altid klar til at besvare dit opkald med et smil, og tager gerne imod ris og ros for at kunne optimere vores processer.<\/b>[\/et_pb_text][\/et_pb_column][\/et_pb_row][\/et_pb_section][et_pb_section fullwidth=&#8221;off&#8221; specialty=&#8221;off&#8221; transparent_background=&#8221;on&#8221; background_color=&#8221;#000000&#8243; allow_player_pause=&#8221;off&#8221; inner_shadow=&#8221;off&#8221; parallax=&#8221;off&#8221; parallax_method=&#8221;off&#8221;][et_pb_row][et_pb_column type=&#8221;1_3&#8243;][et_pb_text admin_label=&#8221;Text&#8221; background_layout=&#8221;light&#8221; text_orientation=&#8221;right&#8221;]<\/p>\n<p style=\"text-align: right; opacity: 0.7;\"><strong>\u00d8stbornholms Kuttersevice ApS<\/strong><\/p>\n<p style=\"text-align: right; opacity: 0.7;\"><strong>V\u00e6rftsvej 1, 3730 Nex\u00f8<\/strong><\/p>\n<p style=\"text-align: right; opacity: 0.7;\"><strong>Tlf.: +45 5649 6582<\/strong><\/p>\n<p style=\"text-align: right; opacity: 0.7;\"><strong>Email:<a href=\"mailto:info@oebks.dk\"> info@oebks.dk<\/a><\/strong><\/p>\n<p>[\/et_pb_text][\/et_pb_column][et_pb_column type=&#8221;1_3&#8243;][et_pb_text admin_label=&#8221;Text&#8221; background_layout=&#8221;light&#8221; text_orientation=&#8221;center&#8221;]<\/p>\n<p class=\"no-line\">All rights reserved<\/p>\n<p><img class=\" size-full wp-image-104\" style=\"padding-bottom: 56px;\" src=\"\/wp-content\/uploads\/2020\/10\/OBK-Logo1.png\" alt=\"final_logo\" width=\"250\">[\/et_pb_text][\/et_pb_column][et_pb_column type=&#8221;1_3&#8243;][et_pb_text admin_label=&#8221;Text&#8221; background_layout=&#8221;light&#8221; text_orientation=&#8221;left&#8221;]<\/p>\n<h4 class=\"no-line\">F\u00e5 mere information lige her<\/h4>\n<p><strong><a href=\"\/index.php\/maskin-afd\/\">Maskinafdelingen<\/a><\/strong><\/p>\n<hr style=\"background-color: #ff4444; margin-top: -5px;\">\n<p><strong><\/strong><strong><a href=\"\/index.php\/smede-afd\/\">Smedeafdelingen<\/a><\/strong><\/p>\n<hr style=\"background-color: #ff4444; margin-top: -5px;\">\n<p><strong><\/strong><strong><a href=\"\/index.php\/sample-page\/\">Om os<\/a><\/strong><\/p>\n<hr style=\"background-color: #ff4444; margin-top: -5px;\">\n<p><strong><\/strong><strong><a href=\"\/index.php\/kontakt\/\">Kontakt<\/a><\/strong>[\/et_pb_text][\/et_pb_column][\/et_pb_row][\/et_pb_section]<\/p>\n","protected":false},"excerpt":{"rendered":"<p><div class=\"et_pb_row et_pb_row_0 et_pb_row_empty\">\n\t\t\t\t\n\t\t\t\t\n\t\t\t\t\n\t\t\t\t\n\t\t\t\t\n\t\t\t<\/div>HOS \u00d8STBORNHOLMS KUTTERSERVICE PRIORITERER VI SERVICERINGEN AF VORES KUNDER MEGET H\u00d8JT Derfor vil vi altid v\u00e6re behj\u00e6lpelige p\u00e5 alle t\u00e6nkelige m\u00e5der. B\u00e5de inden for vores prim\u00e6re fagomr\u00e5der, men ogs\u00e5 gerne ved at udvide vores kompetencer inden for omr\u00e5der hvor vi ikke tidligere har v\u00e6ret. Her p\u00e5 siden kan du l\u00e6se om de mange services som [&hellip;]<\/p>\n","protected":false},"author":1,"featured_media":0,"parent":0,"menu_order":0,"comment_status":"open","ping_status":"open","template":"","meta":{"_et_pb_use_builder":"on","_et_pb_old_content":"","_et_gb_content_width":""},"yoast_head":"<!-- This site is optimized with the Yoast SEO plugin v19.7.1 - https:\/\/yoast.com\/wordpress\/plugins\/seo\/ -->\n<title>Services maskinafdelingen - \u00d8stbornholms kutterservice<\/title>\n<meta name=\"robots\" content=\"index, follow, max-snippet:-1, max-image-preview:large, max-video-preview:-1\" \/>\n<link rel=\"canonical\" href=\"https:\/\/www.kutterservice.dk\/index.php\/services-maskin\/\" \/>\n<meta property=\"og:locale\" content=\"en_US\" \/>\n<meta property=\"og:type\" content=\"article\" \/>\n<meta property=\"og:title\" content=\"Services maskinafdelingen - \u00d8stbornholms kutterservice\" \/>\n<meta property=\"og:description\" content=\"HOS \u00d8STBORNHOLMS KUTTERSERVICE PRIORITERER VI SERVICERINGEN AF VORES KUNDER MEGET H\u00d8JT Derfor vil vi altid v\u00e6re behj\u00e6lpelige p\u00e5 alle t\u00e6nkelige m\u00e5der. B\u00e5de inden for vores prim\u00e6re fagomr\u00e5der, men ogs\u00e5 gerne ved at udvide vores kompetencer inden for omr\u00e5der hvor vi ikke tidligere har v\u00e6ret. Her p\u00e5 siden kan du l\u00e6se om de mange services som [&hellip;]\" \/>\n<meta property=\"og:url\" content=\"https:\/\/www.kutterservice.dk\/index.php\/services-maskin\/\" \/>\n<meta property=\"og:site_name\" content=\"\u00d8stbornholms kutterservice\" \/>\n<meta property=\"article:modified_time\" content=\"2020-11-27T10:01:08+00:00\" \/>\n<meta name=\"twitter:card\" content=\"summary\" \/>\n<meta name=\"twitter:label1\" content=\"Est. reading time\" \/>\n\t<meta name=\"twitter:data1\" content=\"5 minutes\" \/>\n<script type=\"application\/ld+json\" class=\"yoast-schema-graph\">{\"@context\":\"https:\/\/schema.org\",\"@graph\":[{\"@type\":\"WebPage\",\"@id\":\"https:\/\/www.kutterservice.dk\/index.php\/services-maskin\/\",\"url\":\"https:\/\/www.kutterservice.dk\/index.php\/services-maskin\/\",\"name\":\"Services maskinafdelingen - \u00d8stbornholms kutterservice\",\"isPartOf\":{\"@id\":\"https:\/\/www.kutterservice.dk\/#website\"},\"datePublished\":\"2015-05-07T09:01:24+00:00\",\"dateModified\":\"2020-11-27T10:01:08+00:00\",\"breadcrumb\":{\"@id\":\"https:\/\/www.kutterservice.dk\/index.php\/services-maskin\/#breadcrumb\"},\"inLanguage\":\"en-US\",\"potentialAction\":[{\"@type\":\"ReadAction\",\"target\":[\"https:\/\/www.kutterservice.dk\/index.php\/services-maskin\/\"]}]},{\"@type\":\"BreadcrumbList\",\"@id\":\"https:\/\/www.kutterservice.dk\/index.php\/services-maskin\/#breadcrumb\",\"itemListElement\":[{\"@type\":\"ListItem\",\"position\":1,\"name\":\"Home\",\"item\":\"https:\/\/www.kutterservice.dk\/\"},{\"@type\":\"ListItem\",\"position\":2,\"name\":\"Services i Maskinafd.\"}]},{\"@type\":\"WebSite\",\"@id\":\"https:\/\/www.kutterservice.dk\/#website\",\"url\":\"https:\/\/www.kutterservice.dk\/\",\"name\":\"\u00d8stbornholms kutterservice\",\"description\":\"\u00d8stbornholms kutterservice\",\"potentialAction\":[{\"@type\":\"SearchAction\",\"target\":{\"@type\":\"EntryPoint\",\"urlTemplate\":\"https:\/\/www.kutterservice.dk\/?s={search_term_string}\"},\"query-input\":\"required name=search_term_string\"}],\"inLanguage\":\"en-US\"}]}<\/script>\n<!-- \/ Yoast SEO plugin. -->","yoast_head_json":{"title":"Services maskinafdelingen - \u00d8stbornholms kutterservice","robots":{"index":"index","follow":"follow","max-snippet":"max-snippet:-1","max-image-preview":"max-image-preview:large","max-video-preview":"max-video-preview:-1"},"canonical":"https:\/\/www.kutterservice.dk\/index.php\/services-maskin\/","og_locale":"en_US","og_type":"article","og_title":"Services maskinafdelingen - \u00d8stbornholms kutterservice","og_description":"HOS \u00d8STBORNHOLMS KUTTERSERVICE PRIORITERER VI SERVICERINGEN AF VORES KUNDER MEGET H\u00d8JT Derfor vil vi altid v\u00e6re behj\u00e6lpelige p\u00e5 alle t\u00e6nkelige m\u00e5der. B\u00e5de inden for vores prim\u00e6re fagomr\u00e5der, men ogs\u00e5 gerne ved at udvide vores kompetencer inden for omr\u00e5der hvor vi ikke tidligere har v\u00e6ret. Her p\u00e5 siden kan du l\u00e6se om de mange services som [&hellip;]","og_url":"https:\/\/www.kutterservice.dk\/index.php\/services-maskin\/","og_site_name":"\u00d8stbornholms kutterservice","article_modified_time":"2020-11-27T10:01:08+00:00","twitter_card":"summary","twitter_misc":{"Est. reading time":"5 minutes"},"schema":{"@context":"https:\/\/schema.org","@graph":[{"@type":"WebPage","@id":"https:\/\/www.kutterservice.dk\/index.php\/services-maskin\/","url":"https:\/\/www.kutterservice.dk\/index.php\/services-maskin\/","name":"Services maskinafdelingen - \u00d8stbornholms kutterservice","isPartOf":{"@id":"https:\/\/www.kutterservice.dk\/#website"},"datePublished":"2015-05-07T09:01:24+00:00","dateModified":"2020-11-27T10:01:08+00:00","breadcrumb":{"@id":"https:\/\/www.kutterservice.dk\/index.php\/services-maskin\/#breadcrumb"},"inLanguage":"en-US","potentialAction":[{"@type":"ReadAction","target":["https:\/\/www.kutterservice.dk\/index.php\/services-maskin\/"]}]},{"@type":"BreadcrumbList","@id":"https:\/\/www.kutterservice.dk\/index.php\/services-maskin\/#breadcrumb","itemListElement":[{"@type":"ListItem","position":1,"name":"Home","item":"https:\/\/www.kutterservice.dk\/"},{"@type":"ListItem","position":2,"name":"Services i Maskinafd."}]},{"@type":"WebSite","@id":"https:\/\/www.kutterservice.dk\/#website","url":"https:\/\/www.kutterservice.dk\/","name":"\u00d8stbornholms kutterservice","description":"\u00d8stbornholms kutterservice","potentialAction":[{"@type":"SearchAction","target":{"@type":"EntryPoint","urlTemplate":"https:\/\/www.kutterservice.dk\/?s={search_term_string}"},"query-input":"required name=search_term_string"}],"inLanguage":"en-US"}]}},"_links":{"self":[{"href":"https:\/\/www.kutterservice.dk\/index.php\/wp-json\/wp\/v2\/pages\/60"}],"collection":[{"href":"https:\/\/www.kutterservice.dk\/index.php\/wp-json\/wp\/v2\/pages"}],"about":[{"href":"https:\/\/www.kutterservice.dk\/index.php\/wp-json\/wp\/v2\/types\/page"}],"author":[{"embeddable":true,"href":"https:\/\/www.kutterservice.dk\/index.php\/wp-json\/wp\/v2\/users\/1"}],"replies":[{"embeddable":true,"href":"https:\/\/www.kutterservice.dk\/index.php\/wp-json\/wp\/v2\/comments?post=60"}],"version-history":[{"count":79,"href":"https:\/\/www.kutterservice.dk\/index.php\/wp-json\/wp\/v2\/pages\/60\/revisions"}],"predecessor-version":[{"id":1617,"href":"https:\/\/www.kutterservice.dk\/index.php\/wp-json\/wp\/v2\/pages\/60\/revisions\/1617"}],"wp:attachment":[{"href":"https:\/\/www.kutterservice.dk\/index.php\/wp-json\/wp\/v2\/media?parent=60"}],"curies":[{"name":"wp","href":"https:\/\/api.w.org\/{rel}","templated":true}]}}