{"id":56,"date":"2015-05-07T09:00:32","date_gmt":"2015-05-07T09:00:32","guid":{"rendered":"http:\/\/m-s-b.dk\/?page_id=56"},"modified":"2020-11-27T10:00:11","modified_gmt":"2020-11-27T10:00:11","slug":"services-smed","status":"publish","type":"page","link":"https:\/\/www.kutterservice.dk\/index.php\/services-smed\/","title":{"rendered":"Services i Smedeafd."},"content":{"rendered":"<p>[et_pb_section fullwidth=&#8221;off&#8221; specialty=&#8221;off&#8221; background_image=&#8221;http:\/\/www.kutterservice.dk\/wp-content\/uploads\/2015\/05\/Kutterservice_19.jpg&#8221; transparent_background=&#8221;off&#8221; background_color=&#8221;#ffffff&#8221; allow_player_pause=&#8221;off&#8221; inner_shadow=&#8221;off&#8221; parallax=&#8221;off&#8221; parallax_method=&#8221;off&#8221; module_id=&#8221;front-top-pic&#8221; module_class=&#8221;line-u-pic lille-pic&#8221;][et_pb_row][\/et_pb_row][\/et_pb_section][et_pb_section fullwidth=&#8221;off&#8221; specialty=&#8221;off&#8221;][et_pb_row][et_pb_column type=&#8221;2_3&#8243;][et_pb_text admin_label=&#8221;Text&#8221; background_layout=&#8221;light&#8221; text_orientation=&#8221;left&#8221;]<\/p>\n<h1 style=\"font-size: 22pt; letter-spacing: 2px; line-height: 110%;\"><b>SOM KUNDE I VORES SMEDEAFDELING KAN DU ALTID FORVENTE ET H\u00d8JT SERVICENIVEAU<\/b><\/h1>\n<h3 class=\"no-line\" style=\"margin-top: 23px; letter-spacing: 1px; line-height: 120%;\">Vores dygtige smede st\u00e5r altid klar til at levere den bedste service. Baseret p\u00e5 en bred erfaring inden for s\u00e5vel seriefremstilling som prototypeudvikling, tilbyder vi kompetent r\u00e5dgivning i alt fra valg af de helt rigtige materialer, til fremstillingsmetoder.<\/h3>\n<p>[\/et_pb_text][et_pb_text admin_label=&#8221;Text&#8221; background_layout=&#8221;light&#8221; text_orientation=&#8221;left&#8221;]<\/p>\n<h3 class=\"no-line\" style=\"margin-top: 23px; letter-spacing: 1px; line-height: 120%;\">Vi har ogs\u00e5 stor erfaring med opgaver som kr\u00e6ver bearbejdning i b\u00e5de Smedeafdelingen og <a href=\"\/index.php\/maskin-afd\/\"><b><span style=\"color: #ff4444;\">Maskinafdelingen.<\/span><\/b><\/a><\/h3>\n<p>[\/et_pb_text][\/et_pb_column][et_pb_column type=&#8221;1_3&#8243;][et_pb_cta admin_label=&#8221;Call To Action&#8221; button_url=&#8221;\/index.php\/kontakt\/&#8221; button_text=&#8221;Kontakt os&#8221; use_background_color=&#8221;off&#8221; background_color=&#8221;#40b773&#8243; background_layout=&#8221;light&#8221; text_orientation=&#8221;left&#8221;]<\/p>\n<div class=\"right-contact-info\" style=\"border-left: 1px solid #e8e8e8; padding-left: 20px;\">\n<h3>Kontakt os uforpligtende<\/h3>\n<p>&nbsp;<\/p>\n<h3>Du kan altid ringe til os p\u00e5<br \/>\n+45 5649 6582<\/h3>\n<p>&nbsp;<\/p>\n<h3>Du kan ogs\u00e5 skrive til os p\u00e5<br \/>\n<a href=\"mailto:info@oebks.dk\">info@oebks.dk<\/a><\/h3>\n<\/div>\n<p>[\/et_pb_cta][\/et_pb_column][\/et_pb_row][\/et_pb_section][et_pb_section fullwidth=&#8221;off&#8221; specialty=&#8221;off&#8221; transparent_background=&#8221;off&#8221; background_color=&#8221;#ff4444&#8243; allow_player_pause=&#8221;off&#8221; inner_shadow=&#8221;off&#8221; parallax=&#8221;off&#8221; parallax_method=&#8221;off&#8221;][et_pb_row][et_pb_column type=&#8221;1_2&#8243;][et_pb_blurb admin_label=&#8221;Blurb&#8221; url_new_window=&#8221;off&#8221; use_icon=&#8221;on&#8221; font_icon=&#8221;\ue074&#8221; icon_color=&#8221;#ffffff&#8221; use_circle=&#8221;off&#8221; circle_color=&#8221;#40b773&#8243; use_circle_border=&#8221;off&#8221; circle_border_color=&#8221;#40b773&#8243; icon_placement=&#8221;top&#8221; animation=&#8221;off&#8221; background_layout=&#8221;light&#8221; text_orientation=&#8221;left&#8221; \/][et_pb_text admin_label=&#8221;Text&#8221; background_layout=&#8221;dark&#8221; text_orientation=&#8221;center&#8221; module_class=&#8221;text-on-red&#8221;]<\/p>\n<h3 class=\"hvid center\"><b>VI K\u00d8RER UD<\/b><\/h3>\n<p><b>Hvis du har en opgave der kr\u00e6ver at fremstilling eller samling bliver foretaget p\u00e5 et bestemt sted, kommer vi naturligvis gerne ud til dig. Vores servicevogne er fyldt med udstyr, s\u00e5 vi kan klare stort set alle opgaver p\u00e5 stedet.<\/b>[\/et_pb_text][\/et_pb_column][et_pb_column type=&#8221;1_2&#8243;][et_pb_blurb admin_label=&#8221;Blurb&#8221; url_new_window=&#8221;off&#8221; use_icon=&#8221;on&#8221; font_icon=&#8221;\ue0bd&#8221; icon_color=&#8221;#ffffff&#8221; use_circle=&#8221;off&#8221; circle_color=&#8221;#40b773&#8243; use_circle_border=&#8221;off&#8221; circle_border_color=&#8221;#40b773&#8243; icon_placement=&#8221;top&#8221; animation=&#8221;off&#8221; background_layout=&#8221;light&#8221; text_orientation=&#8221;left&#8221; \/][et_pb_text admin_label=&#8221;Text&#8221; background_layout=&#8221;dark&#8221; text_orientation=&#8221;center&#8221; module_class=&#8221;text-on-red&#8221;]<\/p>\n<h3 class=\"hvid center\"><b>FREMSTILLING<\/b><\/h3>\n<p><b>Vores smedeafdeling har stor ekspertise i at fremstille prototyper eller specialopgaver. Kontakt os derfor gerne s\u00e5 vi kan tage en dialog om processen for din opgave.<\/b>[\/et_pb_text][\/et_pb_column][\/et_pb_row][et_pb_row][et_pb_column type=&#8221;4_4&#8243;][et_pb_divider admin_label=&#8221;Divider&#8221; color=&#8221;#ffffff&#8221; show_divider=&#8221;off&#8221; \/][\/et_pb_column][\/et_pb_row][et_pb_row][et_pb_column type=&#8221;1_2&#8243;][et_pb_blurb admin_label=&#8221;Blurb&#8221; url_new_window=&#8221;off&#8221; use_icon=&#8221;on&#8221; font_icon=&#8221;+&#8221; icon_color=&#8221;#ffffff&#8221; use_circle=&#8221;off&#8221; circle_color=&#8221;#40b773&#8243; use_circle_border=&#8221;off&#8221; circle_border_color=&#8221;#40b773&#8243; icon_placement=&#8221;top&#8221; animation=&#8221;off&#8221; background_layout=&#8221;light&#8221; text_orientation=&#8221;left&#8221; \/][et_pb_text admin_label=&#8221;Text&#8221; background_layout=&#8221;dark&#8221; text_orientation=&#8221;center&#8221; module_class=&#8221;text-on-red&#8221;]<\/p>\n<h3 class=\"hvid center\"><b>TILPASNING<\/b><\/h3>\n<p><b>Hvis du finder det n\u00f8dvendigt at f\u00e5 lavet st\u00f8rre eller mindre justeringer p\u00e5 din garnklarer eller nethaler, for at tilpasse den til netop dine behov, er vi naturligvis ogs\u00e5 behj\u00e6lpelige med det.<\/b>[\/et_pb_text][\/et_pb_column][et_pb_column type=&#8221;1_2&#8243;][et_pb_blurb admin_label=&#8221;Blurb&#8221; url_new_window=&#8221;off&#8221; use_icon=&#8221;on&#8221; font_icon=&#8221;\ue08a&#8221; icon_color=&#8221;#ffffff&#8221; use_circle=&#8221;off&#8221; circle_color=&#8221;#40b773&#8243; use_circle_border=&#8221;off&#8221; circle_border_color=&#8221;#40b773&#8243; icon_placement=&#8221;top&#8221; animation=&#8221;off&#8221; background_layout=&#8221;light&#8221; text_orientation=&#8221;left&#8221; \/][et_pb_text admin_label=&#8221;Text&#8221; background_layout=&#8221;dark&#8221; text_orientation=&#8221;center&#8221; module_class=&#8221;text-on-red&#8221;]<\/p>\n<h3 class=\"hvid center\"><b>R\u00c5DGIVNING<\/b><\/h3>\n<p><b>Hvis du st\u00e5r foran et projekt og \u00f8nsker professionel vejledning fra en fagmand, tilbyder vi yderst kompetent r\u00e5dgivning i form af vores dygtige smede, som besidder stor erfaring og ekspertise.<\/b>[\/et_pb_text][\/et_pb_column][\/et_pb_row][\/et_pb_section][et_pb_section fullwidth=&#8221;off&#8221; specialty=&#8221;off&#8221; transparent_background=&#8221;on&#8221; background_color=&#8221;#ffffff&#8221; allow_player_pause=&#8221;off&#8221; inner_shadow=&#8221;off&#8221; parallax=&#8221;off&#8221; parallax_method=&#8221;off&#8221;][et_pb_row][et_pb_column type=&#8221;1_3&#8243;][et_pb_text admin_label=&#8221;Text&#8221; background_layout=&#8221;light&#8221; text_orientation=&#8221;right&#8221;]<\/p>\n<p style=\"text-align: right; opacity: 0.7;\"><strong>\u00d8stbornholms Kutterservice ApS<\/strong><\/p>\n<p style=\"text-align: right; opacity: 0.7;\"><strong>V\u00e6rftsvej 1, 3730 Nex\u00f8<\/strong><\/p>\n<p style=\"text-align: right; opacity: 0.7;\"><strong>Tlf.: +45 5649 6582<\/strong><\/p>\n<p style=\"text-align: right; opacity: 0.7;\"><strong>Email:<a href=\"mailto:info@oebks.dk\"> info@oebks.dk<\/a><\/strong><\/p>\n<p>[\/et_pb_text][\/et_pb_column][et_pb_column type=&#8221;1_3&#8243;][et_pb_text admin_label=&#8221;Text&#8221; background_layout=&#8221;light&#8221; text_orientation=&#8221;center&#8221;]<\/p>\n<p class=\"no-line\">All rights reserved<\/p>\n<p><img class=\" size-full wp-image-104\" style=\"padding-bottom: 56px;\" src=\"\/wp-content\/uploads\/2020\/10\/OBK-Logo1.png\" alt=\"final_logo\" width=\"250\">[\/et_pb_text][\/et_pb_column][et_pb_column type=&#8221;1_3&#8243;][et_pb_text admin_label=&#8221;Text&#8221; background_layout=&#8221;light&#8221; text_orientation=&#8221;left&#8221;]<\/p>\n<h4 class=\"no-line\">F\u00e5 mere information lige her<\/h4>\n<p><strong><a href=\"\/index.php\/maskin-afd\/\">Maskinafdelingen<\/a><\/strong><\/p>\n<hr style=\"background-color: #ff4444; margin-top: -5px;\">\n<p><strong><a href=\"\/index.php\/smede-afd\/\">Smedeafdelingen<\/a><\/strong><\/p>\n<hr style=\"background-color: #ff4444; margin-top: -5px;\">\n<p><strong><a href=\"\/index.php\/sample-page\/\">Om os<\/a><\/strong><\/p>\n<hr style=\"background-color: #ff4444; margin-top: -5px;\">\n<p><strong><a href=\"\/index.php\/kontakt\/\">Kontakt<\/a><\/strong>[\/et_pb_text][\/et_pb_column][\/et_pb_row][\/et_pb_section]<\/p>\n","protected":false},"excerpt":{"rendered":"<p><div class=\"et_pb_row et_pb_row_0 et_pb_row_empty\">\n\t\t\t\t\n\t\t\t\t\n\t\t\t\t\n\t\t\t\t\n\t\t\t\t\n\t\t\t<\/div><div class=\"et_pb_row et_pb_row_1 et_pb_row_empty\">\n\t\t\t\t\n\t\t\t\t\n\t\t\t\t\n\t\t\t\t\n\t\t\t\t\n\t\t\t<\/div> SOM KUNDE I VORES SMEDEAFDELING KAN DU ALTID FORVENTE ET H\u00d8JT SERVICENIVEAU Vores dygtige smede st\u00e5r altid klar til at levere den bedste service. Baseret p\u00e5 en bred erfaring inden for s\u00e5vel seriefremstilling som prototypeudvikling, tilbyder vi kompetent r\u00e5dgivning i alt fra valg af de helt rigtige materialer, til fremstillingsmetoder. Vi har ogs\u00e5 stor [&hellip;]<\/p>\n","protected":false},"author":1,"featured_media":0,"parent":0,"menu_order":0,"comment_status":"open","ping_status":"open","template":"","meta":{"_et_pb_use_builder":"on","_et_pb_old_content":"","_et_gb_content_width":""},"yoast_head":"<!-- This site is optimized with the Yoast SEO plugin v19.7.1 - https:\/\/yoast.com\/wordpress\/plugins\/seo\/ -->\n<title>Services i Smede afd. - \u00d8stbornholms kutterservice<\/title>\n<meta name=\"robots\" content=\"index, follow, max-snippet:-1, max-image-preview:large, max-video-preview:-1\" \/>\n<link rel=\"canonical\" href=\"https:\/\/www.kutterservice.dk\/index.php\/services-smed\/\" \/>\n<meta property=\"og:locale\" content=\"en_US\" \/>\n<meta property=\"og:type\" content=\"article\" \/>\n<meta property=\"og:title\" content=\"Services i Smede afd. - \u00d8stbornholms kutterservice\" \/>\n<meta property=\"og:description\" content=\"SOM KUNDE I VORES SMEDEAFDELING KAN DU ALTID FORVENTE ET H\u00d8JT SERVICENIVEAU Vores dygtige smede st\u00e5r altid klar til at levere den bedste service. Baseret p\u00e5 en bred erfaring inden for s\u00e5vel seriefremstilling som prototypeudvikling, tilbyder vi kompetent r\u00e5dgivning i alt fra valg af de helt rigtige materialer, til fremstillingsmetoder. Vi har ogs\u00e5 stor [&hellip;]\" \/>\n<meta property=\"og:url\" content=\"https:\/\/www.kutterservice.dk\/index.php\/services-smed\/\" \/>\n<meta property=\"og:site_name\" content=\"\u00d8stbornholms kutterservice\" \/>\n<meta property=\"article:modified_time\" content=\"2020-11-27T10:00:11+00:00\" \/>\n<meta name=\"twitter:card\" content=\"summary\" \/>\n<meta name=\"twitter:label1\" content=\"Est. reading time\" \/>\n\t<meta name=\"twitter:data1\" content=\"4 minutes\" \/>\n<script type=\"application\/ld+json\" class=\"yoast-schema-graph\">{\"@context\":\"https:\/\/schema.org\",\"@graph\":[{\"@type\":\"WebPage\",\"@id\":\"https:\/\/www.kutterservice.dk\/index.php\/services-smed\/\",\"url\":\"https:\/\/www.kutterservice.dk\/index.php\/services-smed\/\",\"name\":\"Services i Smede afd. - \u00d8stbornholms kutterservice\",\"isPartOf\":{\"@id\":\"https:\/\/www.kutterservice.dk\/#website\"},\"datePublished\":\"2015-05-07T09:00:32+00:00\",\"dateModified\":\"2020-11-27T10:00:11+00:00\",\"breadcrumb\":{\"@id\":\"https:\/\/www.kutterservice.dk\/index.php\/services-smed\/#breadcrumb\"},\"inLanguage\":\"en-US\",\"potentialAction\":[{\"@type\":\"ReadAction\",\"target\":[\"https:\/\/www.kutterservice.dk\/index.php\/services-smed\/\"]}]},{\"@type\":\"BreadcrumbList\",\"@id\":\"https:\/\/www.kutterservice.dk\/index.php\/services-smed\/#breadcrumb\",\"itemListElement\":[{\"@type\":\"ListItem\",\"position\":1,\"name\":\"Home\",\"item\":\"https:\/\/www.kutterservice.dk\/\"},{\"@type\":\"ListItem\",\"position\":2,\"name\":\"Services i Smedeafd.\"}]},{\"@type\":\"WebSite\",\"@id\":\"https:\/\/www.kutterservice.dk\/#website\",\"url\":\"https:\/\/www.kutterservice.dk\/\",\"name\":\"\u00d8stbornholms kutterservice\",\"description\":\"\u00d8stbornholms kutterservice\",\"potentialAction\":[{\"@type\":\"SearchAction\",\"target\":{\"@type\":\"EntryPoint\",\"urlTemplate\":\"https:\/\/www.kutterservice.dk\/?s={search_term_string}\"},\"query-input\":\"required name=search_term_string\"}],\"inLanguage\":\"en-US\"}]}<\/script>\n<!-- \/ Yoast SEO plugin. -->","yoast_head_json":{"title":"Services i Smede afd. - \u00d8stbornholms kutterservice","robots":{"index":"index","follow":"follow","max-snippet":"max-snippet:-1","max-image-preview":"max-image-preview:large","max-video-preview":"max-video-preview:-1"},"canonical":"https:\/\/www.kutterservice.dk\/index.php\/services-smed\/","og_locale":"en_US","og_type":"article","og_title":"Services i Smede afd. - \u00d8stbornholms kutterservice","og_description":"SOM KUNDE I VORES SMEDEAFDELING KAN DU ALTID FORVENTE ET H\u00d8JT SERVICENIVEAU Vores dygtige smede st\u00e5r altid klar til at levere den bedste service. Baseret p\u00e5 en bred erfaring inden for s\u00e5vel seriefremstilling som prototypeudvikling, tilbyder vi kompetent r\u00e5dgivning i alt fra valg af de helt rigtige materialer, til fremstillingsmetoder. Vi har ogs\u00e5 stor [&hellip;]","og_url":"https:\/\/www.kutterservice.dk\/index.php\/services-smed\/","og_site_name":"\u00d8stbornholms kutterservice","article_modified_time":"2020-11-27T10:00:11+00:00","twitter_card":"summary","twitter_misc":{"Est. reading time":"4 minutes"},"schema":{"@context":"https:\/\/schema.org","@graph":[{"@type":"WebPage","@id":"https:\/\/www.kutterservice.dk\/index.php\/services-smed\/","url":"https:\/\/www.kutterservice.dk\/index.php\/services-smed\/","name":"Services i Smede afd. - \u00d8stbornholms kutterservice","isPartOf":{"@id":"https:\/\/www.kutterservice.dk\/#website"},"datePublished":"2015-05-07T09:00:32+00:00","dateModified":"2020-11-27T10:00:11+00:00","breadcrumb":{"@id":"https:\/\/www.kutterservice.dk\/index.php\/services-smed\/#breadcrumb"},"inLanguage":"en-US","potentialAction":[{"@type":"ReadAction","target":["https:\/\/www.kutterservice.dk\/index.php\/services-smed\/"]}]},{"@type":"BreadcrumbList","@id":"https:\/\/www.kutterservice.dk\/index.php\/services-smed\/#breadcrumb","itemListElement":[{"@type":"ListItem","position":1,"name":"Home","item":"https:\/\/www.kutterservice.dk\/"},{"@type":"ListItem","position":2,"name":"Services i Smedeafd."}]},{"@type":"WebSite","@id":"https:\/\/www.kutterservice.dk\/#website","url":"https:\/\/www.kutterservice.dk\/","name":"\u00d8stbornholms kutterservice","description":"\u00d8stbornholms kutterservice","potentialAction":[{"@type":"SearchAction","target":{"@type":"EntryPoint","urlTemplate":"https:\/\/www.kutterservice.dk\/?s={search_term_string}"},"query-input":"required name=search_term_string"}],"inLanguage":"en-US"}]}},"_links":{"self":[{"href":"https:\/\/www.kutterservice.dk\/index.php\/wp-json\/wp\/v2\/pages\/56"}],"collection":[{"href":"https:\/\/www.kutterservice.dk\/index.php\/wp-json\/wp\/v2\/pages"}],"about":[{"href":"https:\/\/www.kutterservice.dk\/index.php\/wp-json\/wp\/v2\/types\/page"}],"author":[{"embeddable":true,"href":"https:\/\/www.kutterservice.dk\/index.php\/wp-json\/wp\/v2\/users\/1"}],"replies":[{"embeddable":true,"href":"https:\/\/www.kutterservice.dk\/index.php\/wp-json\/wp\/v2\/comments?post=56"}],"version-history":[{"count":41,"href":"https:\/\/www.kutterservice.dk\/index.php\/wp-json\/wp\/v2\/pages\/56\/revisions"}],"predecessor-version":[{"id":1615,"href":"https:\/\/www.kutterservice.dk\/index.php\/wp-json\/wp\/v2\/pages\/56\/revisions\/1615"}],"wp:attachment":[{"href":"https:\/\/www.kutterservice.dk\/index.php\/wp-json\/wp\/v2\/media?parent=56"}],"curies":[{"name":"wp","href":"https:\/\/api.w.org\/{rel}","templated":true}]}}