{"id":48,"date":"2015-05-07T08:58:36","date_gmt":"2015-05-07T08:58:36","guid":{"rendered":"http:\/\/m-s-b.dk\/?page_id=48"},"modified":"2020-11-27T09:53:49","modified_gmt":"2020-11-27T09:53:49","slug":"maskin-afd","status":"publish","type":"page","link":"https:\/\/www.kutterservice.dk\/index.php\/maskin-afd\/","title":{"rendered":"Maskinafd."},"content":{"rendered":"<p>[et_pb_section fullwidth=&#8221;off&#8221; specialty=&#8221;off&#8221; background_image=&#8221;http:\/\/www.kutterservice.dk\/wp-content\/uploads\/2015\/05\/Bg-Maskinafdeling.jpg&#8221; transparent_background=&#8221;off&#8221; background_color=&#8221;#ffffff&#8221; allow_player_pause=&#8221;off&#8221; inner_shadow=&#8221;off&#8221; parallax=&#8221;off&#8221; parallax_method=&#8221;off&#8221; module_class=&#8221;line-u-pic lille-pic&#8221; module_id=&#8221;front-top-pic&#8221;][et_pb_row][et_pb_column type=&#8221;4_4&#8243;][et_pb_text admin_label=&#8221;Text&#8221; background_layout=&#8221;light&#8221; text_orientation=&#8221;center&#8221; module_class=&#8221;afd-valg forside-lille&#8221;]<\/p>\n<div class=\"valg-box\">\n<h3 class=\"center\"><b>Maskinafd.<\/b><\/h3>\n<\/div>\n<p>[\/et_pb_text][\/et_pb_column][\/et_pb_row][\/et_pb_section][et_pb_section fullwidth=&#8221;off&#8221; specialty=&#8221;off&#8221;][et_pb_row][et_pb_column type=&#8221;2_3&#8243;][et_pb_text admin_label=&#8221;Text&#8221; background_layout=&#8221;light&#8221; text_orientation=&#8221;left&#8221;]<\/p>\n<h1 style=\"font-size: 22pt; letter-spacing: 1px; line-height: 110%;\"><b>MASKINAFDELINGEN PRODUCERER KOMPONENTER EFTER DEN ENKELTE KUNDES SPECIFIKKE \u00d8NSKER OG BEHOV<\/b><\/h1>\n<h3 class=\"no-line\" style=\"margin-top: 23px; letter-spacing: 1px; line-height: 120%;\">Mange af vores kunder \u00f8nsker at f\u00e5 deres produkter produceret efter sine egne tekniske tegninger. Vi tager mod alle specialtegnede produktopgaver og sender gerne produkterne til efterbehandling n\u00e5r de er produceret. Vi har stor erfaring med at sende produkter direkte til efterbehandling\/ overfladebehandling efter produktion, s\u00e5 du som kunde sparer b\u00e5de tid og besv\u00e6r.<\/h3>\n<p>[\/et_pb_text][\/et_pb_column][et_pb_column type=&#8221;1_3&#8243;][et_pb_cta admin_label=&#8221;Call To Action&#8221; button_url=&#8221;\/index.php\/kontakt\/&#8221; button_text=&#8221;Kontakt os&#8221; use_background_color=&#8221;off&#8221; background_color=&#8221;#40b773&#8243; background_layout=&#8221;light&#8221; text_orientation=&#8221;left&#8221;]<\/p>\n<div class=\"right-contact-info\" style=\"border-left: 1px solid #e8e8e8; padding-left: 20px;\">\n<h3>Kontakt os uforpligtende<\/h3>\n<p>&nbsp;<\/p>\n<h3>Du kan altid ringe til os p\u00e5<br \/>\n+45 5649 6582<\/h3>\n<p>&nbsp;<\/p>\n<h3>Du kan ogs\u00e5 skrive til os p\u00e5<br \/>\n<a href=\"mailto:info@oebks.dk\">info@oebks.dk<\/a><\/h3>\n<\/div>\n<p>[\/et_pb_cta][\/et_pb_column][\/et_pb_row][et_pb_row][et_pb_column type=&#8221;4_4&#8243;][et_pb_divider admin_label=&#8221;Divider&#8221; color=&#8221;#e8e8e8&#8243; show_divider=&#8221;on&#8221; height=&#8221;5px&#8221; \/][\/et_pb_column][\/et_pb_row][\/et_pb_section][et_pb_section fullwidth=&#8221;off&#8221; specialty=&#8221;off&#8221;][et_pb_row][et_pb_column type=&#8221;4_4&#8243;][et_pb_text admin_label=&#8221;Text&#8221; background_layout=&#8221;light&#8221; text_orientation=&#8221;left&#8221; module_class=&#8221;maskinblurbsektion&#8221;]<\/p>\n<h3><b>MASKINER I AFDELINGEN<\/b><\/h3>\n<p><b>Vi bruger bl.a. programmet MasterCam til programmering af vores maskiner.<\/b><\/p>\n<p>[\/et_pb_text][et_pb_divider admin_label=&#8221;Divider&#8221; color=&#8221;#ffffff&#8221; show_divider=&#8221;off&#8221; \/][\/et_pb_column][\/et_pb_row][et_pb_row][et_pb_column type=&#8221;1_2&#8243;][et_pb_blurb admin_label=&#8221;Blurb&#8221; title=&#8221;Fr\u00e6sere&#8221; url_new_window=&#8221;off&#8221; use_icon=&#8221;on&#8221; font_icon=&#8221;\ue0fd&#8221; icon_color=&#8221;#ffffff&#8221; use_circle=&#8221;on&#8221; circle_color=&#8221;#ff4444&#8243; use_circle_border=&#8221;off&#8221; circle_border_color=&#8221;#40b773&#8243; icon_placement=&#8221;left&#8221; animation=&#8221;off&#8221; background_layout=&#8221;light&#8221; text_orientation=&#8221;left&#8221;]<\/p>\n<ul class=\"materialer\">\n<li>Mazak VTC 300C-II (4 akser) (X=1740, Y=760, Z=660)<\/li>\n<li>VTC 800\/30SR (5 akser) (X=3000, Y=800, Z=720, B=+\/-110gr.)<\/li>\n<li>VCS 430A (4 akser) (X=560, Y=430, Z=510)<\/li>\n<\/ul>\n<p>[\/et_pb_blurb][\/et_pb_column][et_pb_column type=&#8221;1_2&#8243;][et_pb_blurb admin_label=&#8221;Blurb&#8221; title=&#8221;Drejeb\u00e6nke&#8221; url_new_window=&#8221;off&#8221; use_icon=&#8221;on&#8221; font_icon=&#8221;\ue0fd&#8221; icon_color=&#8221;#ffffff&#8221; use_circle=&#8221;on&#8221; circle_color=&#8221;#ff4444&#8243; use_circle_border=&#8221;off&#8221; circle_border_color=&#8221;#40b773&#8243; icon_placement=&#8221;left&#8221; animation=&#8221;off&#8221; background_layout=&#8221;light&#8221; text_orientation=&#8221;left&#8221;]<\/p>\n<ul class=\"materialer\">\n<li>Gildemeister 400 serie2 (Z=600, X=300 + C-akse)<\/li>\n<li>Gildemeister CTX 410 (Z=600, X=300 + C-akse)<\/li>\n<li>Gildemeister CTX 500E (Z=2000, X=500 + C-akse)<\/li>\n<li>Gildemeister CTX 510 (Z=1000, X=450 + C-akse)<\/li>\n<\/ul>\n<p>[\/et_pb_blurb][\/et_pb_column][\/et_pb_row][\/et_pb_section][et_pb_section fullwidth=&#8221;off&#8221; specialty=&#8221;off&#8221; transparent_background=&#8221;off&#8221; background_color=&#8221;#ff4444&#8243; allow_player_pause=&#8221;off&#8221; inner_shadow=&#8221;off&#8221; parallax=&#8221;off&#8221; parallax_method=&#8221;off&#8221;][et_pb_row][et_pb_column type=&#8221;1_3&#8243;][et_pb_blurb admin_label=&#8221;Blurb&#8221; url_new_window=&#8221;off&#8221; use_icon=&#8221;on&#8221; font_icon=&#8221;R&#8221; icon_color=&#8221;#ffffff&#8221; use_circle=&#8221;off&#8221; circle_color=&#8221;#40b773&#8243; use_circle_border=&#8221;off&#8221; circle_border_color=&#8221;#40b773&#8243; icon_placement=&#8221;top&#8221; animation=&#8221;off&#8221; background_layout=&#8221;dark&#8221; text_orientation=&#8221;center&#8221;]<\/p>\n<h3 class=\"hvid center\" style=\"text-align: center;\"><b>5-AKSLET FR\u00c6SER<\/b><\/h3>\n<div style=\"width: 275px; margin-left: auto; margin-right: auto;\"><b>Med fr\u00e6seren VTC 800\/30SR er vi i stand til at fremstille komponenter, som kr\u00e6ver en yderst kompliceret bearbejdning i flere retninger. Se fr\u00e6serens dimensioner i maskinlisten ovenfor.<\/b><\/div>\n<p>[\/et_pb_blurb][\/et_pb_column][et_pb_column type=&#8221;1_3&#8243;][et_pb_blurb admin_label=&#8221;Blurb&#8221; url_new_window=&#8221;off&#8221; use_icon=&#8221;on&#8221; font_icon=&#8221;R&#8221; icon_color=&#8221;#ffffff&#8221; use_circle=&#8221;off&#8221; circle_color=&#8221;#40b773&#8243; use_circle_border=&#8221;off&#8221; circle_border_color=&#8221;#40b773&#8243; icon_placement=&#8221;top&#8221; animation=&#8221;off&#8221; background_layout=&#8221;dark&#8221; text_orientation=&#8221;left&#8221;]<\/p>\n<h3 class=\"hvid center\" style=\"text-align: center;\"><b>BRUNERING<\/b><\/h3>\n<div style=\"width: 275px; margin-left: auto; margin-right: auto; text-align: center;\"><b>Som et nyere tiltag er vi nu begyndt at tilbyde overfladebehandling i form af brunering, som danner en korrosionsbeskyttende overflade.<\/b><\/div>\n<p>[\/et_pb_blurb][\/et_pb_column][et_pb_column type=&#8221;1_3&#8243;][et_pb_blurb admin_label=&#8221;Blurb&#8221; url_new_window=&#8221;off&#8221; use_icon=&#8221;on&#8221; font_icon=&#8221;R&#8221; icon_color=&#8221;#ffffff&#8221; use_circle=&#8221;off&#8221; circle_color=&#8221;#40b773&#8243; use_circle_border=&#8221;off&#8221; circle_border_color=&#8221;#40b773&#8243; icon_placement=&#8221;top&#8221; animation=&#8221;off&#8221; background_layout=&#8221;dark&#8221; text_orientation=&#8221;center&#8221;]<\/p>\n<h3 class=\"hvid center\" style=\"text-align: center;\"><b>DREJEB\u00c6NK<\/b><\/h3>\n<div style=\"width: 275px; margin-left: auto; margin-right: auto; text-align: center;\"><b>Gildemeister CTX 500E er vores nyeste investering i r\u00e6kken af drejeb\u00e6nke. Med dimensionerne (Z=2000, X=500 + C-akse) er den ogs\u00e5 den drejeb\u00e6nk i vores prodution der kan h\u00e5ndtere de st\u00f8rste emner.<\/b><\/div>\n<p>[\/et_pb_blurb][\/et_pb_column][\/et_pb_row][\/et_pb_section][et_pb_section fullwidth=&#8221;off&#8221; specialty=&#8221;off&#8221;][et_pb_row][et_pb_column type=&#8221;1_2&#8243;][et_pb_text admin_label=&#8221;Text&#8221; background_layout=&#8221;light&#8221; text_orientation=&#8221;left&#8221;]<\/p>\n<h3><b>PRODUKTIONSTILBUD<\/b><\/h3>\n<p>[\/et_pb_text][et_pb_blurb admin_label=&#8221;Blurb&#8221; url_new_window=&#8221;off&#8221; use_icon=&#8221;on&#8221; font_icon=&#8221;h&#8221; icon_color=&#8221;#ffffff&#8221; use_circle=&#8221;on&#8221; circle_color=&#8221;#ff4444&#8243; use_circle_border=&#8221;off&#8221; circle_border_color=&#8221;#40b773&#8243; icon_placement=&#8221;left&#8221; animation=&#8221;off&#8221; background_layout=&#8221;light&#8221; text_orientation=&#8221;left&#8221;]<\/p>\n<p><b>Hvis du sender din tekniske dokumentation, vil vi give dig et skriftligt tilbud p\u00e5 produktionen.<\/b><\/p>\n<p>[\/et_pb_blurb][et_pb_cta admin_label=&#8221;Call To Action&#8221; button_url=&#8221;\/index.php\/kontakt\/&#8221; button_text=&#8221;Kontakt os&#8221; use_background_color=&#8221;off&#8221; background_color=&#8221;#ffffff&#8221; background_layout=&#8221;light&#8221; text_orientation=&#8221;left&#8221; \/][\/et_pb_column][et_pb_column type=&#8221;1_2&#8243;][et_pb_text admin_label=&#8221;Text&#8221; background_layout=&#8221;light&#8221; text_orientation=&#8221;left&#8221;]<\/p>\n<h3><b>KONTAKT<\/b><\/h3>\n<p>[\/et_pb_text][et_pb_blurb admin_label=&#8221;Blurb&#8221; url_new_window=&#8221;off&#8221; use_icon=&#8221;on&#8221; font_icon=&#8221;\ue090&#8221; icon_color=&#8221;#ffffff&#8221; use_circle=&#8221;on&#8221; circle_color=&#8221;#ff4444&#8243; use_circle_border=&#8221;off&#8221; circle_border_color=&#8221;#40b773&#8243; icon_placement=&#8221;left&#8221; animation=&#8221;off&#8221; background_layout=&#8221;light&#8221; text_orientation=&#8221;left&#8221;]<\/p>\n<p><b>Du er altid meget velkommen til at kontakte os, hvis du har sp\u00f8rgsm\u00e5l eller \u00f8nsker information om vores services.<\/b><\/p>\n<p>[\/et_pb_blurb][et_pb_cta admin_label=&#8221;Call To Action&#8221; button_text=&#8221;Kontakt os&#8221; use_background_color=&#8221;off&#8221; background_color=&#8221;#40b773&#8243; background_layout=&#8221;light&#8221; text_orientation=&#8221;left&#8221; button_url=&#8221;\/index.php\/kontakt\/&#8221; \/][\/et_pb_column][\/et_pb_row][\/et_pb_section][et_pb_section fullwidth=&#8221;off&#8221; specialty=&#8221;off&#8221; transparent_background=&#8221;off&#8221; background_color=&#8221;#f7f1e8&#8243; allow_player_pause=&#8221;off&#8221; inner_shadow=&#8221;off&#8221; parallax=&#8221;off&#8221; parallax_method=&#8221;off&#8221;][et_pb_row][et_pb_column type=&#8221;1_4&#8243;][et_pb_text admin_label=&#8221;Text&#8221; background_layout=&#8221;light&#8221; text_orientation=&#8221;center&#8221; module_class=&#8221;prod-pic&#8221;]<img loading=\"lazy\" class=\"aligncenter size-medium wp-image-1141\" src=\"\/wp-content\/uploads\/2015\/06\/prod-two-sfw-300x240.jpg\" alt=\"prod-two-sfw\" width=\"300\" height=\"240\" srcset=\"https:\/\/www.kutterservice.dk\/wp-content\/uploads\/2015\/06\/prod-two-sfw-300x240.jpg 300w, https:\/\/www.kutterservice.dk\/wp-content\/uploads\/2015\/06\/prod-two-sfw.jpg 500w\" sizes=\"(max-width: 300px) 100vw, 300px\" \/>[\/et_pb_text][\/et_pb_column][et_pb_column type=&#8221;1_4&#8243;][et_pb_text admin_label=&#8221;Text&#8221; background_layout=&#8221;light&#8221; text_orientation=&#8221;center&#8221; module_class=&#8221;prod-pic&#8221;]<img loading=\"lazy\" class=\"aligncenter size-medium wp-image-1149\" src=\"\/wp-content\/uploads\/2015\/06\/prod-three-sfw-300x240.jpg\" alt=\"prod-three-sfw\" width=\"300\" height=\"240\" srcset=\"https:\/\/www.kutterservice.dk\/wp-content\/uploads\/2015\/06\/prod-three-sfw-300x240.jpg 300w, https:\/\/www.kutterservice.dk\/wp-content\/uploads\/2015\/06\/prod-three-sfw.jpg 500w\" sizes=\"(max-width: 300px) 100vw, 300px\" \/>[\/et_pb_text][\/et_pb_column][et_pb_column type=&#8221;1_4&#8243;][et_pb_text admin_label=&#8221;Text&#8221; background_layout=&#8221;light&#8221; text_orientation=&#8221;center&#8221; module_class=&#8221;prod-pic&#8221;]<img loading=\"lazy\" class=\"aligncenter size-medium wp-image-1139\" src=\"\/wp-content\/uploads\/2015\/06\/prod-one-sfw-300x240.jpg\" alt=\"prod-one-sfw\" width=\"300\" height=\"240\" srcset=\"https:\/\/www.kutterservice.dk\/wp-content\/uploads\/2015\/06\/prod-one-sfw-300x240.jpg 300w, https:\/\/www.kutterservice.dk\/wp-content\/uploads\/2015\/06\/prod-one-sfw.jpg 500w\" sizes=\"(max-width: 300px) 100vw, 300px\" \/>[\/et_pb_text][\/et_pb_column][et_pb_column type=&#8221;1_4&#8243;][et_pb_text admin_label=&#8221;Text&#8221; background_layout=&#8221;light&#8221; text_orientation=&#8221;center&#8221; module_class=&#8221;prod-pic&#8221;]<img loading=\"lazy\" class=\"aligncenter size-medium wp-image-1148\" src=\"\/wp-content\/uploads\/2015\/06\/prod-four-sfw-300x240.jpg\" alt=\"prod-four-sfw\" width=\"300\" height=\"240\" srcset=\"https:\/\/www.kutterservice.dk\/wp-content\/uploads\/2015\/06\/prod-four-sfw-300x240.jpg 300w, https:\/\/www.kutterservice.dk\/wp-content\/uploads\/2015\/06\/prod-four-sfw.jpg 500w\" sizes=\"(max-width: 300px) 100vw, 300px\" \/>[\/et_pb_text][\/et_pb_column][\/et_pb_row][\/et_pb_section][et_pb_section fullwidth=&#8221;off&#8221; specialty=&#8221;off&#8221; transparent_background=&#8221;off&#8221; background_color=&#8221;#244945&#8243; allow_player_pause=&#8221;off&#8221; inner_shadow=&#8221;off&#8221; parallax=&#8221;off&#8221; parallax_method=&#8221;off&#8221;][et_pb_row][et_pb_column type=&#8221;1_3&#8243;][et_pb_text admin_label=&#8221;Text&#8221; background_layout=&#8221;dark&#8221; text_orientation=&#8221;right&#8221;]<\/p>\n<p style=\"text-align: right; opacity: 0.7;\"><strong>\u00d8stbornholms Kutterservice ApS<\/strong><\/p>\n<p style=\"text-align: right; opacity: 0.7;\"><strong>V\u00e6rftsvej 1, 3730 Nex\u00f8<\/strong><\/p>\n<p style=\"text-align: right; opacity: 0.7;\"><strong>Tlf.: +45 5649 6582<\/strong><\/p>\n<p style=\"text-align: right; opacity: 0.7;\"><strong>Email:<a href=\"mailto:info@oebks.dk\"> info@oebks.dk<\/a><\/strong><\/p>\n<p>[\/et_pb_text][\/et_pb_column][et_pb_column type=&#8221;1_3&#8243;][et_pb_text admin_label=&#8221;Text&#8221; background_layout=&#8221;dark&#8221; text_orientation=&#8221;center&#8221;]<\/p>\n<p class=\"no-line\">All rights reserved<\/p>\n<p><img class=\" size-full wp-image-104\" style=\"padding-bottom: 56px;\" src=\"\/wp-content\/uploads\/2020\/10\/OBK-Logo1.png\" alt=\"final_logo\" width=\"250\">[\/et_pb_text][\/et_pb_column][et_pb_column type=&#8221;1_3&#8243;][et_pb_text admin_label=&#8221;Text&#8221; background_layout=&#8221;dark&#8221; text_orientation=&#8221;left&#8221;]<\/p>\n<h4 class=\"no-line\">F\u00e5 mere information lige her<\/h4>\n<p><strong><a href=\"\/index.php\/maskin-afd\/\">Maskinafdelingen<\/a><\/strong><\/p>\n<hr style=\"background-color: #ff4444; margin-top: -5px;\">\n<p><strong><a href=\"\/index.php\/smede-afd\/\">Smedeafdelingen<\/a><\/strong><\/p>\n<hr style=\"background-color: #ff4444; margin-top: -5px;\">\n<p><strong><a href=\"\/index.php\/sample-page\/\">Om os<\/a><\/strong><\/p>\n<hr style=\"background-color: #ff4444; margin-top: -5px;\">\n<p><strong><a href=\"\/index.php\/kontakt\/\">Kontakt<\/a><\/strong>[\/et_pb_text][\/et_pb_column][\/et_pb_row][\/et_pb_section]<\/p>\n","protected":false},"excerpt":{"rendered":"<p><div class=\"et_pb_row et_pb_row_0 et_pb_row_empty\">\n\t\t\t\t\n\t\t\t\t\n\t\t\t\t\n\t\t\t\t\n\t\t\t\t\n\t\t\t<\/div> Maskinafd. <div class=\"et_pb_row et_pb_row_1 et_pb_row_empty\">\n\t\t\t\t\n\t\t\t\t\n\t\t\t\t\n\t\t\t\t\n\t\t\t\t\n\t\t\t<\/div> MASKINAFDELINGEN PRODUCERER KOMPONENTER EFTER DEN ENKELTE KUNDES SPECIFIKKE \u00d8NSKER OG BEHOV Mange af vores kunder \u00f8nsker at f\u00e5 deres produkter produceret efter sine egne tekniske tegninger. Vi tager mod alle specialtegnede produktopgaver og sender gerne produkterne til efterbehandling n\u00e5r de er produceret. Vi har stor erfaring med at sende produkter direkte til [&hellip;]<\/p>\n","protected":false},"author":1,"featured_media":0,"parent":0,"menu_order":0,"comment_status":"open","ping_status":"open","template":"","meta":{"_et_pb_use_builder":"on","_et_pb_old_content":"","_et_gb_content_width":""},"yoast_head":"<!-- This site is optimized with the Yoast SEO plugin v19.7.1 - https:\/\/yoast.com\/wordpress\/plugins\/seo\/ -->\n<title>\u00d8stbornholms kutterservice - Maskinafdelingen<\/title>\n<meta name=\"description\" content=\"Vores maskinv\u00e6rksted fungerer prim\u00e6rt som underleverand\u00f8r af metal og plastik komponenter. vi er fmk godkendt og udf\u00f8rer 5 akslet bearbejdning.\" \/>\n<meta name=\"robots\" content=\"index, follow, max-snippet:-1, max-image-preview:large, max-video-preview:-1\" \/>\n<link rel=\"canonical\" href=\"https:\/\/www.kutterservice.dk\/index.php\/maskin-afd\/\" \/>\n<meta property=\"og:locale\" content=\"en_US\" \/>\n<meta property=\"og:type\" content=\"article\" \/>\n<meta property=\"og:title\" content=\"\u00d8stbornholms kutterservice - Maskinafdelingen\" \/>\n<meta property=\"og:description\" content=\"Vores maskinv\u00e6rksted fungerer prim\u00e6rt som underleverand\u00f8r af metal og plastik komponenter. vi er fmk godkendt og udf\u00f8rer 5 akslet bearbejdning.\" \/>\n<meta property=\"og:url\" content=\"https:\/\/www.kutterservice.dk\/index.php\/maskin-afd\/\" \/>\n<meta property=\"og:site_name\" content=\"\u00d8stbornholms kutterservice\" \/>\n<meta property=\"article:modified_time\" content=\"2020-11-27T09:53:49+00:00\" \/>\n<meta name=\"twitter:card\" content=\"summary\" \/>\n<meta name=\"twitter:label1\" content=\"Est. reading time\" \/>\n\t<meta name=\"twitter:data1\" content=\"6 minutes\" \/>\n<script type=\"application\/ld+json\" class=\"yoast-schema-graph\">{\"@context\":\"https:\/\/schema.org\",\"@graph\":[{\"@type\":\"WebPage\",\"@id\":\"https:\/\/www.kutterservice.dk\/index.php\/maskin-afd\/\",\"url\":\"https:\/\/www.kutterservice.dk\/index.php\/maskin-afd\/\",\"name\":\"\u00d8stbornholms kutterservice - Maskinafdelingen\",\"isPartOf\":{\"@id\":\"https:\/\/www.kutterservice.dk\/#website\"},\"datePublished\":\"2015-05-07T08:58:36+00:00\",\"dateModified\":\"2020-11-27T09:53:49+00:00\",\"description\":\"Vores maskinv\u00e6rksted fungerer prim\u00e6rt som underleverand\u00f8r af metal og plastik komponenter. vi er fmk godkendt og udf\u00f8rer 5 akslet bearbejdning.\",\"breadcrumb\":{\"@id\":\"https:\/\/www.kutterservice.dk\/index.php\/maskin-afd\/#breadcrumb\"},\"inLanguage\":\"en-US\",\"potentialAction\":[{\"@type\":\"ReadAction\",\"target\":[\"https:\/\/www.kutterservice.dk\/index.php\/maskin-afd\/\"]}]},{\"@type\":\"BreadcrumbList\",\"@id\":\"https:\/\/www.kutterservice.dk\/index.php\/maskin-afd\/#breadcrumb\",\"itemListElement\":[{\"@type\":\"ListItem\",\"position\":1,\"name\":\"Home\",\"item\":\"https:\/\/www.kutterservice.dk\/\"},{\"@type\":\"ListItem\",\"position\":2,\"name\":\"Maskinafd.\"}]},{\"@type\":\"WebSite\",\"@id\":\"https:\/\/www.kutterservice.dk\/#website\",\"url\":\"https:\/\/www.kutterservice.dk\/\",\"name\":\"\u00d8stbornholms kutterservice\",\"description\":\"\u00d8stbornholms kutterservice\",\"potentialAction\":[{\"@type\":\"SearchAction\",\"target\":{\"@type\":\"EntryPoint\",\"urlTemplate\":\"https:\/\/www.kutterservice.dk\/?s={search_term_string}\"},\"query-input\":\"required name=search_term_string\"}],\"inLanguage\":\"en-US\"}]}<\/script>\n<!-- \/ Yoast SEO plugin. -->","yoast_head_json":{"title":"\u00d8stbornholms kutterservice - Maskinafdelingen","description":"Vores maskinv\u00e6rksted fungerer prim\u00e6rt som underleverand\u00f8r af metal og plastik komponenter. vi er fmk godkendt og udf\u00f8rer 5 akslet bearbejdning.","robots":{"index":"index","follow":"follow","max-snippet":"max-snippet:-1","max-image-preview":"max-image-preview:large","max-video-preview":"max-video-preview:-1"},"canonical":"https:\/\/www.kutterservice.dk\/index.php\/maskin-afd\/","og_locale":"en_US","og_type":"article","og_title":"\u00d8stbornholms kutterservice - Maskinafdelingen","og_description":"Vores maskinv\u00e6rksted fungerer prim\u00e6rt som underleverand\u00f8r af metal og plastik komponenter. vi er fmk godkendt og udf\u00f8rer 5 akslet bearbejdning.","og_url":"https:\/\/www.kutterservice.dk\/index.php\/maskin-afd\/","og_site_name":"\u00d8stbornholms kutterservice","article_modified_time":"2020-11-27T09:53:49+00:00","twitter_card":"summary","twitter_misc":{"Est. reading time":"6 minutes"},"schema":{"@context":"https:\/\/schema.org","@graph":[{"@type":"WebPage","@id":"https:\/\/www.kutterservice.dk\/index.php\/maskin-afd\/","url":"https:\/\/www.kutterservice.dk\/index.php\/maskin-afd\/","name":"\u00d8stbornholms kutterservice - Maskinafdelingen","isPartOf":{"@id":"https:\/\/www.kutterservice.dk\/#website"},"datePublished":"2015-05-07T08:58:36+00:00","dateModified":"2020-11-27T09:53:49+00:00","description":"Vores maskinv\u00e6rksted fungerer prim\u00e6rt som underleverand\u00f8r af metal og plastik komponenter. vi er fmk godkendt og udf\u00f8rer 5 akslet bearbejdning.","breadcrumb":{"@id":"https:\/\/www.kutterservice.dk\/index.php\/maskin-afd\/#breadcrumb"},"inLanguage":"en-US","potentialAction":[{"@type":"ReadAction","target":["https:\/\/www.kutterservice.dk\/index.php\/maskin-afd\/"]}]},{"@type":"BreadcrumbList","@id":"https:\/\/www.kutterservice.dk\/index.php\/maskin-afd\/#breadcrumb","itemListElement":[{"@type":"ListItem","position":1,"name":"Home","item":"https:\/\/www.kutterservice.dk\/"},{"@type":"ListItem","position":2,"name":"Maskinafd."}]},{"@type":"WebSite","@id":"https:\/\/www.kutterservice.dk\/#website","url":"https:\/\/www.kutterservice.dk\/","name":"\u00d8stbornholms kutterservice","description":"\u00d8stbornholms kutterservice","potentialAction":[{"@type":"SearchAction","target":{"@type":"EntryPoint","urlTemplate":"https:\/\/www.kutterservice.dk\/?s={search_term_string}"},"query-input":"required name=search_term_string"}],"inLanguage":"en-US"}]}},"_links":{"self":[{"href":"https:\/\/www.kutterservice.dk\/index.php\/wp-json\/wp\/v2\/pages\/48"}],"collection":[{"href":"https:\/\/www.kutterservice.dk\/index.php\/wp-json\/wp\/v2\/pages"}],"about":[{"href":"https:\/\/www.kutterservice.dk\/index.php\/wp-json\/wp\/v2\/types\/page"}],"author":[{"embeddable":true,"href":"https:\/\/www.kutterservice.dk\/index.php\/wp-json\/wp\/v2\/users\/1"}],"replies":[{"embeddable":true,"href":"https:\/\/www.kutterservice.dk\/index.php\/wp-json\/wp\/v2\/comments?post=48"}],"version-history":[{"count":158,"href":"https:\/\/www.kutterservice.dk\/index.php\/wp-json\/wp\/v2\/pages\/48\/revisions"}],"predecessor-version":[{"id":473,"href":"https:\/\/www.kutterservice.dk\/index.php\/wp-json\/wp\/v2\/pages\/48\/revisions\/473"}],"wp:attachment":[{"href":"https:\/\/www.kutterservice.dk\/index.php\/wp-json\/wp\/v2\/media?parent=48"}],"curies":[{"name":"wp","href":"https:\/\/api.w.org\/{rel}","templated":true}]}}