{"id":46,"date":"2015-05-07T08:58:23","date_gmt":"2015-05-07T08:58:23","guid":{"rendered":"http:\/\/m-s-b.dk\/?page_id=46"},"modified":"2020-11-27T09:52:36","modified_gmt":"2020-11-27T09:52:36","slug":"smede-afd","status":"publish","type":"page","link":"https:\/\/www.kutterservice.dk\/index.php\/smede-afd\/","title":{"rendered":"Smedeafd."},"content":{"rendered":"<p>[et_pb_section fullwidth=&#8221;off&#8221; specialty=&#8221;off&#8221; background_image=&#8221;http:\/\/www.kutterservice.dk\/wp-content\/uploads\/2015\/05\/Kutterservice_30.jpg&#8221; transparent_background=&#8221;off&#8221; background_color=&#8221;#ffffff&#8221; allow_player_pause=&#8221;off&#8221; inner_shadow=&#8221;off&#8221; parallax=&#8221;off&#8221; parallax_method=&#8221;off&#8221; module_class=&#8221;line-u-pic lille-pic&#8221; module_id=&#8221;front-top-pic&#8221;][et_pb_row][et_pb_column type=&#8221;4_4&#8243;][et_pb_text admin_label=&#8221;Text&#8221; background_layout=&#8221;light&#8221; text_orientation=&#8221;center&#8221; module_class=&#8221;afd-valg forside-lille&#8221;]<\/p>\n<div class=\"valg-box\">\n<h3 class=\"center\"><b>Smedeafd.<\/b><\/h3>\n<\/div>\n<p>[\/et_pb_text][\/et_pb_column][\/et_pb_row][\/et_pb_section][et_pb_section fullwidth=&#8221;off&#8221; specialty=&#8221;off&#8221;][et_pb_row][et_pb_column type=&#8221;2_3&#8243;][et_pb_text admin_label=&#8221;Text&#8221; background_layout=&#8221;light&#8221; text_orientation=&#8221;left&#8221;]<\/p>\n<h1 style=\"font-size: 22pt; letter-spacing: 2px; line-height: 110%;\"><b>SMEDEAFDELINGEN PRODUCERER EGNE NETHALERE OG GARNKLARERE TIL ERHVERVSFISKERI<\/b><\/h1>\n<h3 class=\"no-line\" style=\"margin-top: 23px; letter-spacing: 1px; line-height: 120%;\">I smedeafdelingen tager vi ogs\u00e5 imod diverse bestillingsopgaver og der foretages reparationer og service \u2013 b\u00e5de p\u00e5 v\u00e6rkstedet og hos kunden. Vi har erfaring med kombinationsopgaver, hvor produktet kr\u00e6ver bearbejdning b\u00e5de i vores maskinafdeling og smedeafdeling.<\/h3>\n<p>[\/et_pb_text][\/et_pb_column][et_pb_column type=&#8221;1_3&#8243;][et_pb_cta admin_label=&#8221;Call To Action&#8221; button_url=&#8221;\/index.php\/kontakt\/&#8221; button_text=&#8221;Kontakt os&#8221; use_background_color=&#8221;off&#8221; background_color=&#8221;#40b773&#8243; background_layout=&#8221;light&#8221; text_orientation=&#8221;left&#8221;]<\/p>\n<div class=\"right-contact-info\" style=\"border-left: 1px solid #e8e8e8; padding-left: 20px;\">\n<h3>Kontakt os uforpligtende<\/h3>\n<p>&nbsp;<\/p>\n<h3>Du kan altid ringe til os p\u00e5<br \/>\n+45 5649 6582<\/h3>\n<p>&nbsp;<\/p>\n<h3>Du kan ogs\u00e5 skrive til os p\u00e5<br \/>\n<a href=\"mailto:info@oebks.dk\">info@oebks.dk<\/a><\/h3>\n<\/div>\n<p>[\/et_pb_cta][\/et_pb_column][\/et_pb_row][et_pb_row][et_pb_column type=&#8221;4_4&#8243;][et_pb_divider admin_label=&#8221;Divider&#8221; color=&#8221;#e8e8e8&#8243; show_divider=&#8221;on&#8221; height=&#8221;5px&#8221; \/][\/et_pb_column][\/et_pb_row][\/et_pb_section][et_pb_section fullwidth=&#8221;off&#8221; specialty=&#8221;off&#8221;][et_pb_row][et_pb_column type=&#8221;4_4&#8243;][et_pb_text admin_label=&#8221;Text&#8221; background_layout=&#8221;light&#8221; text_orientation=&#8221;left&#8221; module_class=&#8221;maskinblurbsektion&#8221;]<\/p>\n<h3><b>UDSTYR I SMEDEAFDELINGEN<\/b><\/h3>\n<p><b>Her er en liste over nogle af de ting vi bruger i produktionen i vores smedeafdeling.<\/b><\/p>\n<p>[\/et_pb_text][\/et_pb_column][\/et_pb_row][et_pb_row][et_pb_column type=&#8221;1_2&#8243;][et_pb_blurb admin_label=&#8221;Blurb&#8221; url_new_window=&#8221;off&#8221; use_icon=&#8221;on&#8221; font_icon=&#8221;\ue036&#8221; icon_color=&#8221;#ffffff&#8221; use_circle=&#8221;on&#8221; circle_color=&#8221;#ff4444&#8243; use_circle_border=&#8221;off&#8221; circle_border_color=&#8221;#40b773&#8243; icon_placement=&#8221;left&#8221; animation=&#8221;off&#8221; background_layout=&#8221;light&#8221; text_orientation=&#8221;left&#8221; title=&#8221;Udstyr&#8221;]<\/p>\n<ul class=\"materialer\">\n<li>Saks (3000 mm., pladetykkelse 0-10 mm.)<\/li>\n<li>Kantpresse (3000 mm.)<\/li>\n<li>Stempelpresse<\/li>\n<li>Automatsav<\/li>\n<li>Valse<\/li>\n<li>Glasbl\u00e6ser<\/li>\n<\/ul>\n<p>[\/et_pb_blurb][\/et_pb_column][et_pb_column type=&#8221;1_2&#8243;][et_pb_blurb admin_label=&#8221;Blurb&#8221; url_new_window=&#8221;off&#8221; use_icon=&#8221;on&#8221; font_icon=&#8221;\ue077&#8221; icon_color=&#8221;#ffffff&#8221; use_circle=&#8221;on&#8221; circle_color=&#8221;#ff4444&#8243; use_circle_border=&#8221;off&#8221; circle_border_color=&#8221;#40b773&#8243; icon_placement=&#8221;left&#8221; animation=&#8221;off&#8221; background_layout=&#8221;light&#8221; text_orientation=&#8221;left&#8221; title=&#8221;Rustfri&#8221;]<\/p>\n<p><b>I smedeafdelingen er der en separat afdeling, hvor der udelukkende arbejdes i rustfri materiale. Adskillelsen sikrer at der p\u00e5 intet tidspunkt er risiko, for at bearbejdningen af ikke-rustfri materialer kan skade de rustfri.<\/b><\/p>\n<p>[\/et_pb_blurb][\/et_pb_column][\/et_pb_row][\/et_pb_section][et_pb_section fullwidth=&#8221;off&#8221; specialty=&#8221;off&#8221; transparent_background=&#8221;off&#8221; background_color=&#8221;#ff4444&#8243; allow_player_pause=&#8221;off&#8221; inner_shadow=&#8221;off&#8221; parallax=&#8221;off&#8221; parallax_method=&#8221;off&#8221;][et_pb_row][et_pb_column type=&#8221;1_3&#8243;][et_pb_blurb admin_label=&#8221;Blurb&#8221; url_new_window=&#8221;off&#8221; use_icon=&#8221;on&#8221; font_icon=&#8221;R&#8221; icon_color=&#8221;#ffffff&#8221; use_circle=&#8221;off&#8221; circle_color=&#8221;#40b773&#8243; use_circle_border=&#8221;off&#8221; circle_border_color=&#8221;#40b773&#8243; icon_placement=&#8221;top&#8221; animation=&#8221;off&#8221; background_layout=&#8221;dark&#8221; text_orientation=&#8221;center&#8221;]<\/p>\n<h3 class=\"hvid center\" style=\"text-align: center;\"><b>GLASBL\u00c6SNING<\/b><\/h3>\n<div style=\"width: 275px; margin-left: auto; margin-right: auto;\"><b>De glasperler der anvendes i denne behandling har ikke samme slibende effekt som sandkornene i sandbl\u00e6sning. Derfor efterlades overfladen p\u00e6n og ensartet med en silkemat finish.<\/b><\/div>\n<p>[\/et_pb_blurb][\/et_pb_column][et_pb_column type=&#8221;1_3&#8243;][et_pb_blurb admin_label=&#8221;Blurb&#8221; url_new_window=&#8221;off&#8221; use_icon=&#8221;on&#8221; font_icon=&#8221;R&#8221; icon_color=&#8221;#ffffff&#8221; use_circle=&#8221;off&#8221; circle_color=&#8221;#40b773&#8243; use_circle_border=&#8221;off&#8221; circle_border_color=&#8221;#40b773&#8243; icon_placement=&#8221;top&#8221; animation=&#8221;off&#8221; background_layout=&#8221;dark&#8221; text_orientation=&#8221;center&#8221;]<\/p>\n<h3 class=\"hvid center\" style=\"text-align: center;\"><b>KANTPRESSE<\/b><\/h3>\n<div style=\"width: 275px; margin-left: auto; margin-right: auto; text-align: center;\"><b>Med en kantpresse med en l\u00e6ngde p\u00e5 3000 mm er vi i stand til at arbejde med pladebearbejdning i stor skala.<\/b><\/div>\n<p>[\/et_pb_blurb][\/et_pb_column][et_pb_column type=&#8221;1_3&#8243;][et_pb_blurb admin_label=&#8221;Blurb&#8221; url_new_window=&#8221;off&#8221; use_icon=&#8221;on&#8221; font_icon=&#8221;R&#8221; icon_color=&#8221;#ffffff&#8221; use_circle=&#8221;off&#8221; circle_color=&#8221;#40b773&#8243; use_circle_border=&#8221;off&#8221; circle_border_color=&#8221;#40b773&#8243; icon_placement=&#8221;top&#8221; animation=&#8221;off&#8221; background_layout=&#8221;dark&#8221; text_orientation=&#8221;center&#8221;]<\/p>\n<h3 class=\"hvid center\" style=\"text-align: center;\"><b>R\u00c5DGIVNING<\/b><\/h3>\n<div style=\"width: 275px; margin-left: auto; margin-right: auto; text-align: center;\"><b>Vores smedeafdeling er altid behj\u00e6lpelig med alt lige fra overordnet faglig r\u00e5dgivning, til specifik vejledning i forbindelse med specialfremstillinger.<\/b><\/div>\n<p>[\/et_pb_blurb][\/et_pb_column][\/et_pb_row][\/et_pb_section][et_pb_section fullwidth=&#8221;off&#8221; specialty=&#8221;off&#8221;][et_pb_row][et_pb_column type=&#8221;1_2&#8243;][et_pb_text admin_label=&#8221;Text&#8221; background_layout=&#8221;light&#8221; text_orientation=&#8221;left&#8221;]<\/p>\n<h3><b>PRODUKTIONSTILBUD<\/b><\/h3>\n<p>[\/et_pb_text][et_pb_blurb admin_label=&#8221;Blurb&#8221; url_new_window=&#8221;off&#8221; use_icon=&#8221;on&#8221; font_icon=&#8221;h&#8221; icon_color=&#8221;#ffffff&#8221; use_circle=&#8221;on&#8221; circle_color=&#8221;#ff4444&#8243; use_circle_border=&#8221;off&#8221; circle_border_color=&#8221;#40b773&#8243; icon_placement=&#8221;left&#8221; animation=&#8221;off&#8221; background_layout=&#8221;light&#8221; text_orientation=&#8221;left&#8221;]<\/p>\n<p><b>Hvis du sender din tekniske dokumentation, vil vi give dig et skriftligt tilbud p\u00e5 produktionen.<\/b><\/p>\n<p>[\/et_pb_blurb][et_pb_cta admin_label=&#8221;Call To Action&#8221; button_url=&#8221;\/index.php\/fa-tilbud\/&#8221; button_text=&#8221;Kontakt os&#8221; use_background_color=&#8221;off&#8221; background_color=&#8221;#40b773&#8243; background_layout=&#8221;light&#8221; text_orientation=&#8221;left&#8221; \/][\/et_pb_column][et_pb_column type=&#8221;1_2&#8243;][et_pb_text admin_label=&#8221;Text&#8221; background_layout=&#8221;light&#8221; text_orientation=&#8221;left&#8221;]<\/p>\n<h3><b>KONTAKT<\/b><\/h3>\n<p>[\/et_pb_text][et_pb_blurb admin_label=&#8221;Blurb&#8221; url_new_window=&#8221;off&#8221; use_icon=&#8221;on&#8221; font_icon=&#8221;\ue090&#8221; icon_color=&#8221;#ffffff&#8221; use_circle=&#8221;on&#8221; circle_color=&#8221;#ff4444&#8243; use_circle_border=&#8221;off&#8221; circle_border_color=&#8221;#40b773&#8243; icon_placement=&#8221;left&#8221; animation=&#8221;off&#8221; background_layout=&#8221;light&#8221; text_orientation=&#8221;left&#8221;]<\/p>\n<p><b>Du er altid meget velkommen til at kontakte os, hvis du har sp\u00f8rgsm\u00e5l eller \u00f8nsker information om vores services.<\/b><\/p>\n<p>[\/et_pb_blurb][et_pb_cta admin_label=&#8221;Call To Action&#8221; button_url=&#8221;\/index.php\/kontakt\/&#8221; button_text=&#8221;Kontakt os&#8221; use_background_color=&#8221;off&#8221; background_color=&#8221;#40b773&#8243; background_layout=&#8221;light&#8221; text_orientation=&#8221;left&#8221; \/][\/et_pb_column][\/et_pb_row][\/et_pb_section][et_pb_section fullwidth=&#8221;off&#8221; specialty=&#8221;off&#8221; transparent_background=&#8221;off&#8221; background_color=&#8221;#40b773&#8243; allow_player_pause=&#8221;off&#8221; inner_shadow=&#8221;off&#8221; parallax=&#8221;off&#8221; parallax_method=&#8221;off&#8221;][et_pb_row][et_pb_column type=&#8221;1_3&#8243;][et_pb_divider admin_label=&#8221;Divider&#8221; color=&#8221;#ffffff&#8221; show_divider=&#8221;off&#8221; \/][\/et_pb_column][et_pb_column type=&#8221;1_3&#8243;][et_pb_blurb admin_label=&#8221;Blurb&#8221; url_new_window=&#8221;off&#8221; use_icon=&#8221;on&#8221; font_icon=&#8221;h&#8221; icon_color=&#8221;#ffffff&#8221; use_circle=&#8221;off&#8221; circle_color=&#8221;#40b773&#8243; use_circle_border=&#8221;off&#8221; circle_border_color=&#8221;#40b773&#8243; icon_placement=&#8221;top&#8221; animation=&#8221;off&#8221; background_layout=&#8221;dark&#8221; text_orientation=&#8221;center&#8221; url=&#8221;\/index.php\/produkter-2\/&#8221;]<\/p>\n<h2 class=\"center hvid\"><a href=\"\/index.php\/produkter-2\/\"><b>Produkter<\/b><\/a><\/h2>\n<p><b>Her kan du hente brochurer og teknisk dokumentation for Smedeafdelingens produkter.<\/b><\/p>\n<p>[\/et_pb_blurb][\/et_pb_column][et_pb_column type=&#8221;1_3&#8243;][et_pb_divider admin_label=&#8221;Divider&#8221; color=&#8221;#ffffff&#8221; show_divider=&#8221;off&#8221; \/][\/et_pb_column][\/et_pb_row][\/et_pb_section][et_pb_section fullwidth=&#8221;off&#8221; specialty=&#8221;off&#8221; transparent_background=&#8221;off&#8221; background_color=&#8221;#000000&#8243; allow_player_pause=&#8221;off&#8221; inner_shadow=&#8221;off&#8221; parallax=&#8221;off&#8221; parallax_method=&#8221;off&#8221;][et_pb_row][et_pb_column type=&#8221;1_3&#8243;][et_pb_text admin_label=&#8221;Text&#8221; background_layout=&#8221;dark&#8221; text_orientation=&#8221;right&#8221;]<\/p>\n<p style=\"text-align: right; opacity: 0.7;\"><strong>\u00d8stbornholms Kutterservice ApS<\/strong><\/p>\n<p style=\"text-align: right; opacity: 0.7;\"><strong>V\u00e6rftsvej 1, 3730 Nex\u00f8<\/strong><\/p>\n<p style=\"text-align: right; opacity: 0.7;\"><strong>Tlf.: +45 5649 6582<\/strong><\/p>\n<p style=\"text-align: right; opacity: 0.7;\"><strong>Email:<a href=\"mailto:info@oebks.dk\"> info@oebks.dk<\/a><\/strong><\/p>\n<p>[\/et_pb_text][\/et_pb_column][et_pb_column type=&#8221;1_3&#8243;][et_pb_text admin_label=&#8221;Text&#8221; background_layout=&#8221;dark&#8221; text_orientation=&#8221;center&#8221;]<\/p>\n<h4 class=\"no-line\">All rights reserved<\/h4>\n<p><a href=\"http:\/\/www.kutterservice.dk\/wp-content\/uploads\/2020\/10\/OBK-Logo-Positiv.png\"><img loading=\"lazy\" class=\" size-medium wp-image-1536 alignleft\" src=\"http:\/\/www.kutterservice.dk\/wp-content\/uploads\/2020\/10\/OBK-Logo-Positiv-300x88.png\" alt=\"OBK-Logo-Positiv\" width=\"300\" height=\"88\" srcset=\"https:\/\/www.kutterservice.dk\/wp-content\/uploads\/2020\/10\/OBK-Logo-Positiv-300x88.png 300w, https:\/\/www.kutterservice.dk\/wp-content\/uploads\/2020\/10\/OBK-Logo-Positiv.png 336w\" sizes=\"(max-width: 300px) 100vw, 300px\" \/><\/a>[\/et_pb_text][\/et_pb_column][et_pb_column type=&#8221;1_3&#8243;][et_pb_text admin_label=&#8221;Text&#8221; background_layout=&#8221;dark&#8221; text_orientation=&#8221;left&#8221;]<\/p>\n<h4 class=\"no-line\">F\u00e5 mere information lige her<\/h4>\n<p><strong><a href=\"\/index.php\/maskin-afd\/\">Maskinafdelingen<\/a><\/strong><\/p>\n<hr style=\"background-color: #ff4444; margin-top: -5px;\">\n<p><strong><a href=\"\/index.php\/smede-afd\/\">Smedeafdelingen<\/a><\/strong><\/p>\n<hr style=\"background-color: #ff4444; margin-top: -5px;\">\n<p><strong><a href=\"\/index.php\/sample-page\/\">Om os<\/a><\/strong><\/p>\n<hr style=\"background-color: #ff4444; margin-top: -5px;\">\n<p><strong><a href=\"\/index.php\/kontakt\/\">Kontakt<\/a><\/strong>[\/et_pb_text][\/et_pb_column][\/et_pb_row][\/et_pb_section]<\/p>\n","protected":false},"excerpt":{"rendered":"<p><div class=\"et_pb_row et_pb_row_0 et_pb_row_empty\">\n\t\t\t\t\n\t\t\t\t\n\t\t\t\t\n\t\t\t\t\n\t\t\t\t\n\t\t\t<\/div> Smedeafd. <div class=\"et_pb_row et_pb_row_1 et_pb_row_empty\">\n\t\t\t\t\n\t\t\t\t\n\t\t\t\t\n\t\t\t\t\n\t\t\t\t\n\t\t\t<\/div> SMEDEAFDELINGEN PRODUCERER EGNE NETHALERE OG GARNKLARERE TIL ERHVERVSFISKERI I smedeafdelingen tager vi ogs\u00e5 imod diverse bestillingsopgaver og der foretages reparationer og service \u2013 b\u00e5de p\u00e5 v\u00e6rkstedet og hos kunden. Vi har erfaring med kombinationsopgaver, hvor produktet kr\u00e6ver bearbejdning b\u00e5de i vores maskinafdeling og smedeafdeling. Kontakt os uforpligtende &nbsp; Du kan altid ringe [&hellip;]<\/p>\n","protected":false},"author":1,"featured_media":0,"parent":0,"menu_order":0,"comment_status":"open","ping_status":"open","template":"","meta":{"_et_pb_use_builder":"on","_et_pb_old_content":"","_et_gb_content_width":""},"yoast_head":"<!-- This site is optimized with the Yoast SEO plugin v19.7.1 - https:\/\/yoast.com\/wordpress\/plugins\/seo\/ -->\n<title>\u00d8stbornholms kutterservice - Smedeafdelingen<\/title>\n<meta name=\"description\" content=\"Smed afd laver alle former for smedearbejde. Vi har bla. en sepperat afdeling til rustfri arbjde.\" \/>\n<meta name=\"robots\" content=\"index, follow, max-snippet:-1, max-image-preview:large, max-video-preview:-1\" \/>\n<link rel=\"canonical\" href=\"https:\/\/www.kutterservice.dk\/index.php\/smede-afd\/\" \/>\n<meta property=\"og:locale\" content=\"en_US\" \/>\n<meta property=\"og:type\" content=\"article\" \/>\n<meta property=\"og:title\" content=\"\u00d8stbornholms kutterservice - Smedeafdelingen\" \/>\n<meta property=\"og:description\" content=\"Smed afd laver alle former for smedearbejde. Vi har bla. en sepperat afdeling til rustfri arbjde.\" \/>\n<meta property=\"og:url\" content=\"https:\/\/www.kutterservice.dk\/index.php\/smede-afd\/\" \/>\n<meta property=\"og:site_name\" content=\"\u00d8stbornholms kutterservice\" \/>\n<meta property=\"article:modified_time\" content=\"2020-11-27T09:52:36+00:00\" \/>\n<meta property=\"og:image\" content=\"http:\/\/www.kutterservice.dk\/wp-content\/uploads\/2020\/10\/OBK-Logo-Positiv-300x88.png\" \/>\n<meta name=\"twitter:card\" content=\"summary\" \/>\n<meta name=\"twitter:label1\" content=\"Est. reading time\" \/>\n\t<meta name=\"twitter:data1\" content=\"6 minutes\" \/>\n<script type=\"application\/ld+json\" class=\"yoast-schema-graph\">{\"@context\":\"https:\/\/schema.org\",\"@graph\":[{\"@type\":\"WebPage\",\"@id\":\"https:\/\/www.kutterservice.dk\/index.php\/smede-afd\/\",\"url\":\"https:\/\/www.kutterservice.dk\/index.php\/smede-afd\/\",\"name\":\"\u00d8stbornholms kutterservice - Smedeafdelingen\",\"isPartOf\":{\"@id\":\"https:\/\/www.kutterservice.dk\/#website\"},\"datePublished\":\"2015-05-07T08:58:23+00:00\",\"dateModified\":\"2020-11-27T09:52:36+00:00\",\"description\":\"Smed afd laver alle former for smedearbejde. Vi har bla. en sepperat afdeling til rustfri arbjde.\",\"breadcrumb\":{\"@id\":\"https:\/\/www.kutterservice.dk\/index.php\/smede-afd\/#breadcrumb\"},\"inLanguage\":\"en-US\",\"potentialAction\":[{\"@type\":\"ReadAction\",\"target\":[\"https:\/\/www.kutterservice.dk\/index.php\/smede-afd\/\"]}]},{\"@type\":\"BreadcrumbList\",\"@id\":\"https:\/\/www.kutterservice.dk\/index.php\/smede-afd\/#breadcrumb\",\"itemListElement\":[{\"@type\":\"ListItem\",\"position\":1,\"name\":\"Home\",\"item\":\"https:\/\/www.kutterservice.dk\/\"},{\"@type\":\"ListItem\",\"position\":2,\"name\":\"Smedeafd.\"}]},{\"@type\":\"WebSite\",\"@id\":\"https:\/\/www.kutterservice.dk\/#website\",\"url\":\"https:\/\/www.kutterservice.dk\/\",\"name\":\"\u00d8stbornholms kutterservice\",\"description\":\"\u00d8stbornholms kutterservice\",\"potentialAction\":[{\"@type\":\"SearchAction\",\"target\":{\"@type\":\"EntryPoint\",\"urlTemplate\":\"https:\/\/www.kutterservice.dk\/?s={search_term_string}\"},\"query-input\":\"required name=search_term_string\"}],\"inLanguage\":\"en-US\"}]}<\/script>\n<!-- \/ Yoast SEO plugin. -->","yoast_head_json":{"title":"\u00d8stbornholms kutterservice - Smedeafdelingen","description":"Smed afd laver alle former for smedearbejde. Vi har bla. en sepperat afdeling til rustfri arbjde.","robots":{"index":"index","follow":"follow","max-snippet":"max-snippet:-1","max-image-preview":"max-image-preview:large","max-video-preview":"max-video-preview:-1"},"canonical":"https:\/\/www.kutterservice.dk\/index.php\/smede-afd\/","og_locale":"en_US","og_type":"article","og_title":"\u00d8stbornholms kutterservice - Smedeafdelingen","og_description":"Smed afd laver alle former for smedearbejde. Vi har bla. en sepperat afdeling til rustfri arbjde.","og_url":"https:\/\/www.kutterservice.dk\/index.php\/smede-afd\/","og_site_name":"\u00d8stbornholms kutterservice","article_modified_time":"2020-11-27T09:52:36+00:00","og_image":[{"url":"http:\/\/www.kutterservice.dk\/wp-content\/uploads\/2020\/10\/OBK-Logo-Positiv-300x88.png"}],"twitter_card":"summary","twitter_misc":{"Est. reading time":"6 minutes"},"schema":{"@context":"https:\/\/schema.org","@graph":[{"@type":"WebPage","@id":"https:\/\/www.kutterservice.dk\/index.php\/smede-afd\/","url":"https:\/\/www.kutterservice.dk\/index.php\/smede-afd\/","name":"\u00d8stbornholms kutterservice - Smedeafdelingen","isPartOf":{"@id":"https:\/\/www.kutterservice.dk\/#website"},"datePublished":"2015-05-07T08:58:23+00:00","dateModified":"2020-11-27T09:52:36+00:00","description":"Smed afd laver alle former for smedearbejde. Vi har bla. en sepperat afdeling til rustfri arbjde.","breadcrumb":{"@id":"https:\/\/www.kutterservice.dk\/index.php\/smede-afd\/#breadcrumb"},"inLanguage":"en-US","potentialAction":[{"@type":"ReadAction","target":["https:\/\/www.kutterservice.dk\/index.php\/smede-afd\/"]}]},{"@type":"BreadcrumbList","@id":"https:\/\/www.kutterservice.dk\/index.php\/smede-afd\/#breadcrumb","itemListElement":[{"@type":"ListItem","position":1,"name":"Home","item":"https:\/\/www.kutterservice.dk\/"},{"@type":"ListItem","position":2,"name":"Smedeafd."}]},{"@type":"WebSite","@id":"https:\/\/www.kutterservice.dk\/#website","url":"https:\/\/www.kutterservice.dk\/","name":"\u00d8stbornholms kutterservice","description":"\u00d8stbornholms kutterservice","potentialAction":[{"@type":"SearchAction","target":{"@type":"EntryPoint","urlTemplate":"https:\/\/www.kutterservice.dk\/?s={search_term_string}"},"query-input":"required name=search_term_string"}],"inLanguage":"en-US"}]}},"_links":{"self":[{"href":"https:\/\/www.kutterservice.dk\/index.php\/wp-json\/wp\/v2\/pages\/46"}],"collection":[{"href":"https:\/\/www.kutterservice.dk\/index.php\/wp-json\/wp\/v2\/pages"}],"about":[{"href":"https:\/\/www.kutterservice.dk\/index.php\/wp-json\/wp\/v2\/types\/page"}],"author":[{"embeddable":true,"href":"https:\/\/www.kutterservice.dk\/index.php\/wp-json\/wp\/v2\/users\/1"}],"replies":[{"embeddable":true,"href":"https:\/\/www.kutterservice.dk\/index.php\/wp-json\/wp\/v2\/comments?post=46"}],"version-history":[{"count":89,"href":"https:\/\/www.kutterservice.dk\/index.php\/wp-json\/wp\/v2\/pages\/46\/revisions"}],"predecessor-version":[{"id":488,"href":"https:\/\/www.kutterservice.dk\/index.php\/wp-json\/wp\/v2\/pages\/46\/revisions\/488"}],"wp:attachment":[{"href":"https:\/\/www.kutterservice.dk\/index.php\/wp-json\/wp\/v2\/media?parent=46"}],"curies":[{"name":"wp","href":"https:\/\/api.w.org\/{rel}","templated":true}]}}